{"id":7135,"date":"2014-02-13T12:00:42","date_gmt":"2014-02-13T11:00:42","guid":{"rendered":"https:\/\/espazo.coop\/?page_id=7135"},"modified":"2025-05-19T12:32:35","modified_gmt":"2025-05-19T10:32:35","slug":"aviso-legal","status":"publish","type":"page","link":"https:\/\/espazo.coop\/es\/contacto\/aviso-legal\/","title":{"rendered":"Aviso Legal | Pol\u00edtica de Cookies | Pol\u00edtica de Privacidad"},"content":{"rendered":"<p><div class=\"fusion-fullwidth fullwidth-box fusion-builder-row-1 nonhundred-percent-fullwidth non-hundred-percent-height-scrolling\" style=\"--awb-border-radius-top-left:0px;--awb-border-radius-top-right:0px;--awb-border-radius-bottom-right:0px;--awb-border-radius-bottom-left:0px;--awb-flex-wrap:wrap;\" ><div class=\"fusion-builder-row fusion-row\"><div class=\"fusion-layout-column fusion_builder_column fusion-builder-column-0 fusion_builder_column_1_1 1_1 fusion-one-full fusion-column-first fusion-column-last\" style=\"--awb-bg-size:cover;--awb-margin-bottom:0px;\"><div class=\"fusion-column-wrapper fusion-flex-column-wrapper-legacy\"><div class=\"fusion-text fusion-text-1\"><h1><strong>Aviso Legal | Pol\u00edtica de Cookies | Pol\u00edtica de Privacidad<\/strong><\/h1>\n<p>Te agradecemos que hayas decidido visitarnos. Queremos que tu experiencia en el sitio sea lo mejor posible.<\/p>\n<p>Para acceder a nuestros servicios, declaras que eres mayor de edad y que tienes capacidad legal de obrar de acuerdo a tu ley nacional.<\/p>\n<p>El acceso y la navegaci\u00f3n en el sitio web, o el uso de los servicios del mismo, implican la aceptaci\u00f3n expresa e \u00edntegra de todas y cada una de las presentes Condiciones Generales, incluidas tanto las Condiciones Particulares fijadas para ciertas promociones como la\u00a0<a href=\"https:\/\/espazo.coop\/wp-content\/uploads\/2018\/12\/POL\u00cdTICA-DE-PRIVACIDAD_web-ESPAZOCOOP.pdf\"><strong>Pol\u00edtica de Privacidad<\/strong><\/a><strong>\u00a0<\/strong>y\u00a0\u00a0<strong><a href=\"https:\/\/espazo.coop\/wp-content\/uploads\/2018\/11\/POL\u00cdTICA-DE-COOKIES_web-ESPAZOCOOP.pdf\">Cookies<\/a><\/strong>, relativa a las finalidades de los tratamientos de los datos que nos facilites. Por favor, te recomendamos que las leas atentamente.<\/p>\n<h2><strong>1.- Informaci\u00f3n Legal.<\/strong><\/h2>\n<p>En cumplimiento de la Ley 34\/2002, de 11 de julio, de Servicios de la Sociedad de la Informaci\u00f3n y del Comercio Electr\u00f3nico, los datos identificativos del titular del Portal Web son:<\/p>\n<p>ESPAZO COOP &#8211; UNI\u00d3N DE COOPERATIVAS GALEGAS<\/p>\n<p>CIF : G-70506662<br \/>\nDirecci\u00f3n: r\u00faa Rep\u00fablica del Salvador 3-2\u00ba D. 15701. Santiago de Compostela<br \/>\nTelf. : 981 57 55 78<\/p>\n<p>E-mail: inf&#111;&#64;&#101;&#x73;&#x70;&#x61;&#x7a;&#x6f;&#x2e;coo&#112;<\/p>\n<p>El acceso supone la aceptaci\u00f3n expresa del Usuario\/a a las presentes Condiciones Generales de Uso, que podr\u00e1n ser modificadas o sustituidas por su titular en cualquier momento y sin previo aviso.<\/p>\n<h2><strong>2.- Condiciones Generales de Uso.<\/strong><\/h2>\n<p>Las siguientes Condiciones Generales regulan el uso y acceso al portal Web, cuya finalidad es ser puerta de entrada a ESPAZO COOP &#8211; UNI\u00d3N DE COOPERATIVAS GALEGAS, ofreciendo a los usuarios\/as informaci\u00f3n, servicios y contenidos v\u00eda Web. A trav\u00e9s de la p\u00e1gina web, la Usuaria\/o tiene acceso a informaci\u00f3n sobre productos y servicios espec\u00edficos, herramientas y aplicaciones.<\/p>\n<p>La Usuaria\/o se compromete a hacer un uso adecuado de los contenidos, servicios, aplicaciones y herramientas que est\u00e1n accesibles, con sujeci\u00f3n a la Ley y a las presentes Condiciones Generales de Uso y, en su caso a las Condiciones Particulares que puedan establecerse para el acceso a determinados servicios y aplicaciones, respetando en todo momento a las dem\u00e1s Usuarias\/os de la misma.<\/p>\n<p>En caso de incumplimiento total o parcial por la Usuaria\/o de las presentes condiciones Generales de Uso, ESPAZO COOP &#8211; UNI\u00d3N DE COOPERATIVAS GALEGAS se reserva el derecho de denegar el acceso sin necesidad de previo aviso a la Usuaria\/o.<\/p>\n<h2><strong>3.- Obligaciones Generales de la Usuaria\/o<\/strong><\/h2>\n<p>La Usuaria\/o, al aceptar las presentes condiciones Generales de Uso, se obliga expresamente a:<\/p>\n<p>\u2013 No realizar ninguna acci\u00f3n destinada perjudicar, bloquear, da\u00f1ar, inutilizar, sobrecargar, de forma temporal o definitiva, las funcionalidades, herramientas, contenidos y\/o la infraestructura de la p\u00e1gina web, de manera que impida su normal utilizaci\u00f3n.<\/p>\n<p>\u2013 No introducir ni realizar contenidos injuriosos o calumniosos, tanto de otros Usuarios\/as como de terceras empresas ajenas a ESPAZO COOP &#8211; UNI\u00d3N DE COOPERATIVAS GALEGAS<\/p>\n<p>\u2013 No utilizar cualquiera de los materiales e informaciones contenidos en este Sitio Web con fines il\u00edcitos y expresamente prohibidos en las presentes Condiciones Generales de Uso, as\u00ed como a las condiciones particulares que, en su caso, se establezcan para determinadas aplicaciones y\/o utilidades y que resulten contrarios a los derechos e intereses de ESPAZO COOP &#8211; UNI\u00d3N DE COOPERATIVAS GALEGAS, sus usuarias\/os y\/o terceros-as.<\/p>\n<p>\u2013 No ofertar ni distribuir productos y servicios, ni realizar publicidad o comunicaciones comerciales no solicitadas a otras Usuarias\/os y visitantes de ESPAZO COOP &#8211; UNI\u00d3N DE COOPERATIVAS GALEGAS<\/p>\n<p>La Usuaria\/o responder\u00e1 de los todos los da\u00f1os y perjuicios de toda naturaleza que ESPAZO COOP &#8211; UNI\u00d3N DE COOPERATIVAS GALEGAS y cualquier tercero\/a pueda sufrir como consecuencia del incumplimiento de cualesquiera de las obligaciones a las que queda sometido por virtud de estas \u201cCondiciones Generales de Uso\u201d o de la ley en relaci\u00f3n con el acceso y\/o utilizaci\u00f3n de la p\u00e1gina.<\/p>\n<h2><strong>4.- Propiedad Intelectual e Industrial.<\/strong><\/h2>\n<p>El sitio web, las p\u00e1ginas que comprende y la informaci\u00f3n o elementos contenidos en las mismas (incluyendo textos, documentos, fotograf\u00edas, dibujos, representaciones gr\u00e1ficas, entre otros), as\u00ed como logotipos, marcas, nombres comerciales u otros signos distintivos, se encuentran protegidos por derechos de propiedad intelectual o industrial, de los que ESPAZO COOP &#8211; UNI\u00d3N DE COOPERATIVAS GALEGAS es titular u ostenta autorizaci\u00f3n para su utilizaci\u00f3n y comunicaci\u00f3n p\u00fablica de los leg\u00edtimos titulares de las mismas.<\/p>\n<p>El Usuario se obliga a usar los contenidos de forma diligente y correcta, de acuerdo a la ley, la moral y el orden p\u00fablico. ESPAZO COOP autoriza a la Usuaria\/o para visualizar la informaci\u00f3n que se contiene en este sitio web, as\u00ed como para efectuar reproducciones privadas (simple actividad de descarga y almacenamiento en sus sistemas inform\u00e1ticos), siempre y cuando los elementos sean destinados \u00fanicamente al uso personal. En ning\u00fan caso, ello significar\u00e1 una autorizaci\u00f3n o licencia sobre los derechos de propiedad de ESPAZO COOP o de los leg\u00edtimos\/as titulares de las mismas.<\/p>\n<p>La Usuaria\/o no est\u00e1 autorizada\/o para proceder a la distribuci\u00f3n, modificaci\u00f3n, cesi\u00f3n o comunicaci\u00f3n p\u00fablica de la informaci\u00f3n contenida en esta Web en cualquier forma y cualquiera que sea su finalidad.<\/p>\n<h2><strong>5.- Enlaces.<\/strong><\/h2>\n<p>Las conexiones y enlaces a sitios o p\u00e1ginas Web de terceros\/as se han establecido \u00fanicamente como una utilidad para la Usuaria\/o. ESPAZO COOP &#8211; UNI\u00d3N DE COOPERATIVAS GALEGAS no es, en ning\u00fan caso, responsable de las mismas o de su contenido.<\/p>\n<p>ESPAZO COOP &#8211; UNI\u00d3N DE COOPERATIVAS GALEGAS no asume ninguna responsabilidad derivada de la existencia de enlaces entre los contenidos de este sitio y contenidos situados fuera del mismo o de cualquier otra menci\u00f3n de contenidos externos a este sitio. Tales enlaces o menciones tienen una finalidad exclusivamente informativa y, en ning\u00fan caso, implican el apoyo, aprobaci\u00f3n, comercializaci\u00f3n o relaci\u00f3n alguna entre ESPAZO COOP y las personas o entidades autoras y\/o gestoras de tales contenidos o titulares de los sitios donde se encuentren.<\/p>\n<p>Para realizar enlaces con la p\u00e1gina Web ser\u00e1 necesaria la autorizaci\u00f3n expresa y por escrito de los titulares del portal.<\/p>\n<h2><strong>6.- Responsabilidad.<\/strong><\/h2>\n<p>ESPAZO COOP &#8211; UNI\u00d3N DE COOPERATIVAS GALEGAS no garantiza el acceso continuado, ni la correcta visualizaci\u00f3n, descarga o utilidad de los elementos e informaci\u00f3n contenidos en las p\u00e1ginas del portal que pueden verse impedidos, dificultados o interrumpidos por factores o circunstancias fuera de su control o ajenas a su voluntad, ni de aquellos que sean producidos por la existencia de virus inform\u00e1ticos en Internet.<\/p>\n<p>ESPAZO COOP no asume responsabilidad alguna por da\u00f1os, perjuicios, p\u00e9rdidas, reclamaciones o gastos, producidos por:<\/p>\n<p>(1) Interferencias, interrupciones, fallos, omisiones, retrasos, bloqueos o desconexiones, motivadas por errores en las l\u00edneas y redes de telecomunicaciones o por cualquier otra causa ajena al control de ESPAZO COOP;<\/p>\n<p>(2) Intromisiones ileg\u00edtimas mediante el uso de programas malignos de cualquier tipo y a trav\u00e9s de cualquier medio de comunicaci\u00f3n, tales como virus inform\u00e1ticos o cualesquiera otros;<\/p>\n<p>(3) Uso indebido o inadecuado de la p\u00e1gina web de ESPAZO COOP.<\/p>\n<p>(4) Errores de seguridad o navegaci\u00f3n producidos por un mal funcionamiento del navegador o por el uso de versiones no actualizadas.<\/p>\n<p>ESPAZO COOP &#8211; UNI\u00d3N DE COOPERATIVAS GALEGAS no es responsable ni en ning\u00fan caso responder\u00e1 frente a los usuarios\/as y a terceros\/as sobre actos de cualquier tercero ajeno a ESPAZO COOP que conlleve o pueda suponer la realizaci\u00f3n de actos de competencia desleal y publicidad il\u00edcita o la infracci\u00f3n de los derechos de propiedad intelectual e industrial, de los secretos empresariales, de compromisos contractuales de cualquier clase, de los derechos al honor, a la intimidad personal y familiar y a la imagen, de los derechos de propiedad y de toda otra naturaleza pertenecientes a un tercero por raz\u00f3n de la transmisi\u00f3n, difusi\u00f3n, almacenamiento, puesta a disposici\u00f3n, recepci\u00f3n, obtenci\u00f3n o acceso a los contenidos.<\/p>\n<h2><strong>7.- Protecci\u00f3n de Datos de Car\u00e1cter Personal.<\/strong><\/h2>\n<p>Toda la pol\u00edtica de tratamiento de datos personales la encontrar\u00e1s en la Pol\u00edtica de Privacidad, que forma parte integrante de estas Condiciones Generales pero que, por simplicidad, hemos puesto en un documento aparte:\u00a0\u00a0<a href=\"https:\/\/espazo.coop\/wp-content\/uploads\/2018\/12\/POL\u00cdTICA-DE-PRIVACIDAD_web-ESPAZOCOOP.pdf\"><strong>Pol\u00edtica de Privacidad<\/strong><\/a><strong>\u00a0<\/strong><\/p>\n<h2><strong>8.- Legislaci\u00f3n.<\/strong><\/h2>\n<p>El presente Aviso Legal y sus t\u00e9rminos y condiciones se regir\u00e1n e interpretar\u00e1n de acuerdo con la Legislaci\u00f3n Espa\u00f1ola. La usuaria\/o, por el solo hecho de acceder a la p\u00e1gina web u obtener la condici\u00f3n de usuario registrado otorga, de forma irrevocable, su consentimiento a que los Tribunales competentes por defecto puedan conocer de cualquier acci\u00f3n judicial derivada de o relacionada con las presentes condiciones, o con su uso de este Sitio o la navegaci\u00f3n realizada por el mismo.<\/p>\n<p>Si alguna cl\u00e1usula o apartado de las presentes Condiciones Generales, que no sea de naturaleza esencial para la existencia del mismo, es declarada nula o inaplicable, la validez de las restantes cl\u00e1usulas no se ver\u00e1 afectada.<\/p>\n<\/div><div class=\"fusion-clearfix\"><\/div><\/div><\/div><\/div><\/div><div class=\"fusion-fullwidth fullwidth-box fusion-builder-row-2 nonhundred-percent-fullwidth non-hundred-percent-height-scrolling\" style=\"--awb-border-radius-top-left:0px;--awb-border-radius-top-right:0px;--awb-border-radius-bottom-right:0px;--awb-border-radius-bottom-left:0px;--awb-flex-wrap:wrap;\" ><div class=\"fusion-builder-row fusion-row\"><div class=\"fusion-layout-column fusion_builder_column fusion-builder-column-1 fusion_builder_column_1_1 1_1 fusion-one-full fusion-column-first fusion-column-last\" style=\"--awb-bg-size:cover;--awb-margin-bottom:0px;\"><div class=\"fusion-column-wrapper fusion-flex-column-wrapper-legacy\"><div class=\"fusion-text fusion-text-2\"><\/div><div class=\"fusion-clearfix\"><\/div><\/div><\/div><\/div><\/div><\/p>\n","protected":false},"excerpt":{"rendered":"","protected":false},"author":3,"featured_media":0,"parent":3813,"menu_order":0,"comment_status":"open","ping_status":"closed","template":"","meta":{"footnotes":""},"class_list":["post-7135","page","type-page","status-publish","hentry"],"jetpack_shortlink":"https:\/\/wp.me\/P8lGby-1R5","jetpack_sharing_enabled":true,"_links":{"self":[{"href":"https:\/\/espazo.coop\/es\/wp-json\/wp\/v2\/pages\/7135","targetHints":{"allow":["GET"]}}],"collection":[{"href":"https:\/\/espazo.coop\/es\/wp-json\/wp\/v2\/pages"}],"about":[{"href":"https:\/\/espazo.coop\/es\/wp-json\/wp\/v2\/types\/page"}],"author":[{"embeddable":true,"href":"https:\/\/espazo.coop\/es\/wp-json\/wp\/v2\/users\/3"}],"replies":[{"embeddable":true,"href":"https:\/\/espazo.coop\/es\/wp-json\/wp\/v2\/comments?post=7135"}],"version-history":[{"count":4,"href":"https:\/\/espazo.coop\/es\/wp-json\/wp\/v2\/pages\/7135\/revisions"}],"predecessor-version":[{"id":46005,"href":"https:\/\/espazo.coop\/es\/wp-json\/wp\/v2\/pages\/7135\/revisions\/46005"}],"up":[{"embeddable":true,"href":"https:\/\/espazo.coop\/es\/wp-json\/wp\/v2\/pages\/3813"}],"wp:attachment":[{"href":"https:\/\/espazo.coop\/es\/wp-json\/wp\/v2\/media?parent=7135"}],"curies":[{"name":"wp","href":"https:\/\/api.w.org\/{rel}","templated":true}]}}