{"id":3813,"date":"2011-12-30T12:11:41","date_gmt":"2011-12-30T12:11:41","guid":{"rendered":"https:\/\/espazo.coop\/contacto-2\/"},"modified":"2024-12-03T16:53:26","modified_gmt":"2024-12-03T15:53:26","slug":"contacto","status":"publish","type":"page","link":"https:\/\/espazo.coop\/es\/contacto\/","title":{"rendered":"Contacto"},"content":{"rendered":"<div class=\"fusion-fullwidth fullwidth-box fusion-builder-row-1 hundred-percent-fullwidth non-hundred-percent-height-scrolling\" style=\"--awb-border-radius-top-left:0px;--awb-border-radius-top-right:0px;--awb-border-radius-bottom-right:0px;--awb-border-radius-bottom-left:0px;--awb-overflow:visible;--awb-flex-wrap:wrap;\" ><div class=\"fusion-builder-row fusion-row\"><div class=\"fusion-layout-column fusion_builder_column fusion-builder-column-0 fusion_builder_column_1_1 1_1 fusion-one-full fusion-column-first fusion-column-last fusion-column-no-min-height\" style=\"--awb-bg-size:cover;--awb-margin-bottom:0px;\"><div class=\"fusion-column-wrapper fusion-flex-column-wrapper-legacy\"><iframe src=\"https:\/\/www.google.com\/maps\/embed?pb=!1m18!1m12!1m3!1d2923.9207893683306!2d-8.547768588720203!3d42.87451600232519!2m3!1f0!2f0!3f0!3m2!1i1024!2i768!4f13.1!3m3!1m2!1s0xd2efe3f5036fa35%3A0x5a16eecd322a80a6!2sR.%20da%20Rep%C3%BAblica%20de%20El%20Salvador%2C%203%2C%202%C2%BA%20D%2C%2015701%20Santiago%20de%20Compostela%2C%20A%20Coru%C3%B1a!5e0!3m2!1ses!2ses!4v1733238158346!5m2!1ses!2ses\" width=\"100%\" height=\"450\" style=\"border:0;\" allowfullscreen=\"\" loading=\"lazy\" referrerpolicy=\"no-referrer-when-downgrade\"><\/iframe><div class=\"fusion-clearfix\"><\/div><\/div><\/div><div class=\"fusion-layout-column fusion_builder_column fusion-builder-column-1 fusion_builder_column_1_1 1_1 fusion-one-full fusion-column-first fusion-column-last\" style=\"--awb-bg-size:cover;\"><div class=\"fusion-column-wrapper fusion-flex-column-wrapper-legacy\"><div class=\"fusion-text fusion-text-1\"><p>A Uni\u00f3n de Cooperativas Espazocoop, conta con tres oficinas nas cidades de Santiago de Compostela, A Coru\u00f1a e Vigo. A continuaci\u00f3n tes os nosos datos de contacto:<\/p>\n<\/div><div class=\"fusion-clearfix\"><\/div><\/div><\/div><div class=\"fusion-layout-column fusion_builder_column fusion-builder-column-2 fusion_builder_column_1_3 1_3 fusion-one-third fusion-column-first\" style=\"--awb-bg-size:cover;width:30.6666%; margin-right: 4%;\"><div class=\"fusion-column-wrapper fusion-flex-column-wrapper-legacy\"><div class=\"fusion-text fusion-text-2\"><p><strong>Santiago de Compostela<\/strong><\/p>\n<p>R\u00faa da Rep\u00fablica do Salvador 3, 2\u00ba D<\/p>\n<p>15701<\/p>\n<p>+ 34 981 575 578<\/p>\n<p>&#x69;&#x6e;&#x66;&#x6f;&#x40;&#x65;&#x73;&#x70;&#x61;&#x7a;&#x6f;&#x2e;&#x63;&#x6f;&#x6f;&#x70;<\/p>\n<p>Horario:<\/p>\n<p>De 8.30 a 16.30 h. (Lunes-Jueves)<\/p>\n<p>De 8.30 a 15.30 h. (Viernes)<\/p>\n<p><a title=\"Direcci\u00f3n Ugacota Santiago\" href=\"https:\/\/www.google.es\/maps\/place\/Uni%C3%B3n+de+Cooperativas+de+Traballo+Asociado+-+UGACOTA\/@42.8728997,-8.544795,17z\/data=%213m1%214b1%214m2%213m1%211s0xd2efe3f2c7e8f17:0x17fd51ac62aacabc\" target=\"_blank\" rel=\"noopener noreferrer\">Ver Mapa<\/a><\/p>\n<\/div><div class=\"fusion-clearfix\"><\/div><\/div><\/div><div class=\"fusion-layout-column fusion_builder_column fusion-builder-column-3 fusion_builder_column_1_3 1_3 fusion-one-third\" style=\"--awb-bg-size:cover;width:30.6666%; margin-right: 4%;\"><div class=\"fusion-column-wrapper fusion-flex-column-wrapper-legacy\"><div class=\"fusion-text fusion-text-3\"><p><strong> A Coru\u00f1a<\/strong><\/p>\n<p>Praza de Papagaio s\/n (Centro Accede Papagaio)<\/p>\n<p>15002<\/p>\n<p>697 877 773<\/p>\n<p>i&#110;&#102;&#x6f;&#x40;&#x65;&#x73;p&#97;&#122;&#111;&#x2e;&#x63;&#x6f;op<\/p>\n<p>Horario:<\/p>\n<p>De 8.30 a 16.30 h. (Lunes-Jueves)<\/p>\n<p>De 8.30 a 15.30 h. (Viernes)<\/p>\n<p><a title=\"Direcci\u00f3n Ugacota Coru\u00f1a\" href=\"https:\/\/www.google.es\/maps\/place\/UGACOTA+-+CORU%C3%91A\/@43.374554,-8.396655,17z\/data=%213m1%214b1%214m2%213m1%211s0xd2e7c7881a0e2df:0x5c0ee00d507c3d59\" target=\"_blank\" rel=\"noopener noreferrer\">Ver Mapa<\/a><\/p>\n<\/div><div class=\"fusion-clearfix\"><\/div><\/div><\/div><div class=\"fusion-layout-column fusion_builder_column fusion-builder-column-4 fusion_builder_column_1_3 1_3 fusion-one-third fusion-column-last\" style=\"--awb-bg-size:cover;width:30.6666%;\"><div class=\"fusion-column-wrapper fusion-flex-column-wrapper-legacy\"><div class=\"fusion-text fusion-text-4\"><p><strong> Vigo<\/strong><\/p>\n<p>R\u00faa Marqu\u00e9s de Valladares 14, 2\u00ba. Oficinas 4-5<\/p>\n<p>36201<\/p>\n<p>+ 34 986 866 149<\/p>\n<p>info&#64;espazo&#46;coop<\/p>\n<p>Horario:<\/p>\n<p>De 8.30 a 16.30 h. (Lunes-Jueves)<\/p>\n<p>De 8.30 a 15.30 h. (Viernes)<\/p>\n<p><a title=\"Direcci\u00f3n Ugacota Vigo\" href=\"https:\/\/www.google.es\/maps\/place\/UGACOTA+-+Vigo\/@42.2114475,-8.747208,17z\/data=%213m1%214b1%214m2%213m1%211s0xd2589f8bbe11739:0x3733616b44b8c155\" target=\"_blank\" rel=\"noopener noreferrer\">Ver Mapa<\/a><\/p>\n<\/div><div class=\"fusion-clearfix\"><\/div><\/div><\/div><div class=\"fusion-layout-column fusion_builder_column fusion-builder-column-5 fusion_builder_column_1_1 1_1 fusion-one-full fusion-column-first fusion-column-last\" style=\"--awb-bg-size:cover;\"><div class=\"fusion-column-wrapper fusion-flex-column-wrapper-legacy\"><div class=\"fusion-text fusion-text-5\"><h1><strong>Ou env\u00edanos unha mensaxe<\/strong>:<\/h1>\n<\/div><div class=\"fusion-clearfix\"><\/div><\/div><\/div><\/div><\/div>\n","protected":false},"excerpt":{"rendered":"","protected":false},"author":3,"featured_media":0,"parent":0,"menu_order":9,"comment_status":"open","ping_status":"closed","template":"contact.php","meta":{"footnotes":""},"class_list":["post-3813","page","type-page","status-publish","hentry"],"jetpack_shortlink":"https:\/\/wp.me\/P8lGby-Zv","jetpack_sharing_enabled":true,"_links":{"self":[{"href":"https:\/\/espazo.coop\/es\/wp-json\/wp\/v2\/pages\/3813","targetHints":{"allow":["GET"]}}],"collection":[{"href":"https:\/\/espazo.coop\/es\/wp-json\/wp\/v2\/pages"}],"about":[{"href":"https:\/\/espazo.coop\/es\/wp-json\/wp\/v2\/types\/page"}],"author":[{"embeddable":true,"href":"https:\/\/espazo.coop\/es\/wp-json\/wp\/v2\/users\/3"}],"replies":[{"embeddable":true,"href":"https:\/\/espazo.coop\/es\/wp-json\/wp\/v2\/comments?post=3813"}],"version-history":[{"count":5,"href":"https:\/\/espazo.coop\/es\/wp-json\/wp\/v2\/pages\/3813\/revisions"}],"predecessor-version":[{"id":44157,"href":"https:\/\/espazo.coop\/es\/wp-json\/wp\/v2\/pages\/3813\/revisions\/44157"}],"wp:attachment":[{"href":"https:\/\/espazo.coop\/es\/wp-json\/wp\/v2\/media?parent=3813"}],"curies":[{"name":"wp","href":"https:\/\/api.w.org\/{rel}","templated":true}]}}