{"id":3725,"date":"2011-12-30T11:51:42","date_gmt":"2011-12-30T11:51:42","guid":{"rendered":"https:\/\/espazo.coop\/asociarse-2\/"},"modified":"2026-01-19T17:17:56","modified_gmt":"2026-01-19T16:17:56","slug":"asociarse","status":"publish","type":"page","link":"https:\/\/espazo.coop\/es\/asociarse\/","title":{"rendered":"Asociarse"},"content":{"rendered":"<p><div class=\"fusion-fullwidth fullwidth-box fusion-builder-row-1 nonhundred-percent-fullwidth non-hundred-percent-height-scrolling\" style=\"--awb-border-radius-top-left:0px;--awb-border-radius-top-right:0px;--awb-border-radius-bottom-right:0px;--awb-border-radius-bottom-left:0px;--awb-flex-wrap:wrap;\" ><div class=\"fusion-builder-row fusion-row\"><div class=\"fusion-layout-column fusion_builder_column fusion-builder-column-0 fusion_builder_column_1_1 1_1 fusion-one-full fusion-column-first fusion-column-last\" style=\"--awb-bg-size:cover;--awb-margin-bottom:0px;\"><div class=\"fusion-column-wrapper fusion-flex-column-wrapper-legacy\"><div class=\"fusion-text fusion-text-1\"><h1><strong>ASOCIARSE a la Uni\u00f3n de Cooperativas<\/strong><\/h1>\n<h2><a href=\"https:\/\/espazo.coop\/wp-content\/uploads\/2018\/07\/Asociarse-folleto_EspazoCoop.png\"><img decoding=\"async\" class=\"alignnone wp-image-21979 size-600\" src=\"https:\/\/espazo.coop\/wp-content\/uploads\/2018\/07\/Asociarse-folleto_EspazoCoop-600x504.png\" alt=\"\" width=\"600\" height=\"504\" srcset=\"https:\/\/espazo.coop\/wp-content\/uploads\/2018\/07\/Asociarse-folleto_EspazoCoop-80x67.png 80w, https:\/\/espazo.coop\/wp-content\/uploads\/2018\/07\/Asociarse-folleto_EspazoCoop-200x168.png 200w, https:\/\/espazo.coop\/wp-content\/uploads\/2018\/07\/Asociarse-folleto_EspazoCoop-300x252.png 300w, https:\/\/espazo.coop\/wp-content\/uploads\/2018\/07\/Asociarse-folleto_EspazoCoop-400x336.png 400w, https:\/\/espazo.coop\/wp-content\/uploads\/2018\/07\/Asociarse-folleto_EspazoCoop-600x504.png 600w, https:\/\/espazo.coop\/wp-content\/uploads\/2018\/07\/Asociarse-folleto_EspazoCoop.png 778w\" sizes=\"(max-width: 600px) 100vw, 600px\" \/><\/a><\/h2>\n<h3><strong>ASOCIARSE<\/strong>\u00a0<strong>da acceso a orientaci\u00f3n y acompa\u00f1amiento para crecer como cooperativa, ser parte de nuevas redes, promocionarvos, defender vuestros intereses, y darle m\u00e1s valor y sentido a los principios que nos unen.<\/strong><\/h3>\n<h3><strong>Nuestro fin es promover el cooperativismo, consolidarlo, y conectar cooperativas asociadas. Somos un espacio de participaci\u00f3n, de informaci\u00f3n, de aprendizaje y de proyecci\u00f3n.<\/strong><\/h3>\n<h1><strong>&gt;&gt; Presentaci\u00f3n EspazoCoop<\/strong><\/h1>\n<h3><strong>Folleto <a href=\"https:\/\/espazo.coop\/wp-content\/uploads\/2025\/10\/folleto_espazocoop_digital_13092025.pdf\">en este enlace<\/a><\/strong><\/h3>\n<h3><strong>V\u00eddeo<br \/>\n<\/strong><\/h3>\n<div class=\"video-shortcode\"><iframe title=\"EspazoCoop, Uni\u00f3n de Cooperativas Galegas\" src=\"https:\/\/player.vimeo.com\/video\/279644796?dnt=1&amp;app_id=122963\" width=\"1100\" height=\"619\" frameborder=\"0\" allow=\"autoplay; fullscreen; picture-in-picture; clipboard-write\"><\/iframe><\/div>\n<h3><strong>Memoria social 2024<\/strong> <a href=\"https:\/\/espazo.coop\/wp-content\/uploads\/2025\/05\/Memoria-2024-EspazoCoop-1.pdf\">en este enlace<\/a><\/h3>\n<h1><strong>&gt;&gt; Algunas ventajas que puedes obtener al asociarte<br \/>\n<\/strong><\/h1>\n<h3><strong>&gt;<\/strong> Acceso a la oferta de actividades y servicios para cooperativas socias<\/h3>\n<h3><strong>&gt;<\/strong> Encontrar soluciones a problemas y necesidades, o a intereses que son comunes entre las asociadas<\/h3>\n<h3><strong>&gt;<\/strong> Obtener apoyo para nuevos proyectos cooperativos<\/h3>\n<h3><strong>&gt;<\/strong> Defensa de intereses de las cooperativas socias frente a la Administraci\u00f3n<\/h3>\n<h3><strong>&gt;<\/strong> Contribu\u00edr y participar en la evoluci\u00f3n, crecimiento y consolidaci\u00f3n del cooperativismo y de la econom\u00eda social y cooperativa<\/h3>\n<h3><\/h3>\n<h1><strong>&gt;&gt; \u00bfC\u00f3mo asociarse?<\/strong><\/h1>\n<h3><strong>1| Una solicitud &#8211; ficha de datos de la cooperativa cumplimentada.<\/strong><\/h3>\n<p>Solicitud-Formulario de Datos de la cooperativa online: <a href=\"https:\/\/docs.google.com\/forms\/d\/e\/1FAIpQLScp7EWziSCDZPTcvKx8LySy0g_VN3A7GHaWp4eRwYUponiN9Q\/viewform\" target=\"_blank\" rel=\"noopener\">aqu\u00ed<\/a><\/p>\n<h3><strong>2| Un Certificado de la coooperativa, del acuerdo de incorporaci\u00f3n a la Uni\u00f3n de Cooperativas.<\/strong><\/h3>\n<ul>\n<li>Si el acuerdo es por Consejo Rector, emplea este <a href=\"https:\/\/espazo.coop\/wp-content\/uploads\/2022\/03\/MODELO-CR.odt\">modelo<\/a><\/li>\n<li>Si el acuerdo es por Administradora \u00danica, emplea este <a href=\"https:\/\/espazo.coop\/wp-content\/uploads\/2022\/03\/MODELO-ADMINITRADORA-UNICA.odt\">modelo<\/a><\/li>\n<li>Si el acuerdo es por Asamblea general, emplea este <a href=\"https:\/\/espazo.coop\/wp-content\/uploads\/2022\/03\/MODELO-ASEMBLEA.odt\">modelo<\/a><\/li>\n<\/ul>\n<h3><strong>3| Escritura de constituci\u00f3n validada por el Registro de cooperativas que incluya los Estatutos de la cooperativa.<\/strong><\/h3>\n<p>Una copia digital (documento escaneado).<\/p>\n<h3><\/h3>\n<h1><strong>&gt;&gt; Sistema de cotas<\/strong><\/h1>\n<h3><strong>Tarifas<\/strong><\/h3>\n<h3>&gt; <strong>Cooperativas de trabajo<\/strong> || 8,33 \u20ac\/mes<br \/>\n(cuota b\u00e1sica, cooperativas de hasta cinco socias)<\/h3>\n<h3>&gt; <strong>Cooperativas de consumo<\/strong> || 12,92 \u20ac\/mes<br \/>\n(cuota b\u00e1sica, cooperativas de hasta cien socias)<\/h3>\n<h3>&gt; <strong>Cooperativas de servizos<\/strong> || 12,92 \u20ac\/mes<br \/>\n(cuota b\u00e1sica, cooperativas de hasta cien socias)<\/h3>\n<h3>&gt; <strong>Cooperativas de ense\u00f1anza<\/strong> || 76 \u20ac\/mes<br \/>\n(cuota b\u00e1sica, cooperativas de hasta cinco socias)<\/h3>\n<p>Puedes consultar la informaci\u00f3n completa sobre el<strong> sistema de cuota asociativa <\/strong><a href=\"https:\/\/espazo.coop\/wp-content\/uploads\/2025\/05\/Cotas-asociativas-EspazoCoop-2025.pdf\">AQU\u00cd<\/a>. Recuerda que la cuota de afiliaci\u00f3n a EspazoCoop <strong>puede financiarse con cargo al Fondo de Promoci\u00f3n y Formaci\u00f3n Cooperativa<\/strong>.<\/p>\n<p><span style=\"color: #34b7c4;\"><strong>Las nuevas cooperativas disfrutar\u00e1n durante el a\u00f1o natural de afiliaci\u00f3n de una bonificaci\u00f3n del 100% de la cuota<\/strong><\/span>, porque queremos facilitar que nos conozcas y te integres en la asociaci\u00f3n para beneficiarte de las actividades y servicios. <span style=\"color: #34b7c4;\">Excepto<\/span> las cooperativas que fuesen beneficiarias y usuarias de los programas de creaci\u00f3n y constituci\u00f3n de empresas cooperativas de la Uni\u00f3n de Cooperativas EspazoCoop, de car\u00e1cter gratu\u00edto.<\/p>\n<h1><strong>&gt;&gt; \u00bfC\u00f3mo y d\u00f3nde enviar la documentaci\u00f3n?<\/strong><\/h1>\n<h3><strong>De manera digital, v\u00eda correo electr\u00f3nico<\/strong><\/h3>\n<h3>Cubierta, firmada y escaneada, aportando adem\u00e1s el n\u00ba de Cuenta Bancaria, a trav\u00e9s del email <a href=\"&#109;&#x61;&#105;&#x6c;&#116;&#x6f;&#58;&#x72;&#111;&#x62;&#101;&#x72;&#116;&#x6f;&#64;&#x65;&#115;&#x70;&#97;&#x7a;&#111;&#x2e;&#99;&#x6f;&#111;&#x70;\">&#x72;&#x6f;&#x62;&#101;&#114;to&#x40;&#x65;&#x73;&#112;&#97;zo&#x2e;&#x63;&#x6f;&#111;&#112;<\/a><\/h3>\n<h3>Para cualquier duda y m\u00e1s informaci\u00f3n puedes contactar con nosotras\/os:<br \/>\ntelf. 986 866 149\u00a0 | e-mail : <a href=\"mai&#108;&#116;&#111;&#58;&#x72;&#x6f;&#x62;&#x65;&#x72;&#x74;&#x6f;&#64;es&#112;&#97;&#122;&#111;&#46;&#x63;&#x6f;&#x6f;&#x70;\">&#114;o&#x62;e&#x72;t&#x6f;&#64;&#x65;&#115;&#x70;&#97;&#x7a;&#111;&#x2e;&#99;o&#111;p<\/a><\/h3>\n<h3><\/h3>\n<\/div><div class=\"fusion-clearfix\"><\/div><\/div><\/div><\/div><\/div><div class=\"fusion-fullwidth fullwidth-box fusion-builder-row-2 nonhundred-percent-fullwidth non-hundred-percent-height-scrolling\" style=\"--awb-border-radius-top-left:0px;--awb-border-radius-top-right:0px;--awb-border-radius-bottom-right:0px;--awb-border-radius-bottom-left:0px;--awb-flex-wrap:wrap;\" ><div class=\"fusion-builder-row fusion-row\"><div class=\"fusion-layout-column fusion_builder_column fusion-builder-column-1 fusion_builder_column_1_1 1_1 fusion-one-full fusion-column-first fusion-column-last\" style=\"--awb-bg-size:cover;--awb-margin-bottom:0px;\"><div class=\"fusion-column-wrapper fusion-flex-column-wrapper-legacy\"><div class=\"fusion-text fusion-text-2\"><\/div><div class=\"fusion-clearfix\"><\/div><\/div><\/div><\/div><\/div><\/p>\n","protected":false},"excerpt":{"rendered":"","protected":false},"author":3,"featured_media":0,"parent":0,"menu_order":2,"comment_status":"closed","ping_status":"closed","template":"","meta":{"footnotes":""},"class_list":["post-3725","page","type-page","status-publish","hentry"],"jetpack_shortlink":"https:\/\/wp.me\/P8lGby-Y5","jetpack_sharing_enabled":true,"_links":{"self":[{"href":"https:\/\/espazo.coop\/es\/wp-json\/wp\/v2\/pages\/3725","targetHints":{"allow":["GET"]}}],"collection":[{"href":"https:\/\/espazo.coop\/es\/wp-json\/wp\/v2\/pages"}],"about":[{"href":"https:\/\/espazo.coop\/es\/wp-json\/wp\/v2\/types\/page"}],"author":[{"embeddable":true,"href":"https:\/\/espazo.coop\/es\/wp-json\/wp\/v2\/users\/3"}],"replies":[{"embeddable":true,"href":"https:\/\/espazo.coop\/es\/wp-json\/wp\/v2\/comments?post=3725"}],"version-history":[{"count":7,"href":"https:\/\/espazo.coop\/es\/wp-json\/wp\/v2\/pages\/3725\/revisions"}],"predecessor-version":[{"id":48546,"href":"https:\/\/espazo.coop\/es\/wp-json\/wp\/v2\/pages\/3725\/revisions\/48546"}],"wp:attachment":[{"href":"https:\/\/espazo.coop\/es\/wp-json\/wp\/v2\/media?parent=3725"}],"curies":[{"name":"wp","href":"https:\/\/api.w.org\/{rel}","templated":true}]}}