{"id":2032,"date":"2012-03-12T13:14:09","date_gmt":"2012-03-12T12:14:09","guid":{"rendered":"https:\/\/espazo.coop\/?page_id=2032"},"modified":"2017-01-27T13:49:18","modified_gmt":"2017-01-27T12:49:18","slug":"actividades-de-representacion","status":"publish","type":"page","link":"https:\/\/espazo.coop\/es\/cooperativismo\/actividades-de-representacion\/","title":{"rendered":"\u00bfQu\u00e9 es una cooperativa?"},"content":{"rendered":"<p style=\"text-align: justify;\">La cooperativa es una <strong>sociedad de capital variable<\/strong> que, a trav\u00e9s del ejercicio de actividades socioecon\u00f3micas, desarrolla una <strong>empresa de propiedad conjunta<\/strong> de todas las\/los socias\/los. Su finalidad consiste en prestar servicios y <strong>satisfacer necesidades y aspiraciones<\/strong> de su personas socias, mediante su <strong>participaci\u00f3n activa<\/strong>, y en inter\u00e9s por la comunidad. Cuentan con una <strong>estructura y gesti\u00f3n democr\u00e1ticas<\/strong>, en r\u00e9gimen de <strong>libre adhesi\u00f3n y baja voluntaria,<\/strong> distribuy\u00e9ndose los <strong>resultados econ\u00f3micos en funci\u00f3n de la actividad cooperativizada<\/strong> realizada. Cualquier actividad econ\u00f3mico-social podr\u00e1 desarrollarse mediante una sociedad cooperativa. Las cooperativas tienen que se ajustarse en su funcionamiento a los principios formulados por la Alianza Cooperativa Internacional.<\/p>\n<p style=\"text-align: justify;\">Estos son:<\/p>\n<p><strong>Primer Principio<\/strong>: <em>Membres\u00eda abierta y voluntaria<\/em><\/p>\n<p>Las cooperativas son organizaciones voluntarias abiertas para todas aquellas personas dispuestas a utilizar sus servicios y dispuestas a aceptar las responsabilidades que conlleva la membres\u00eda sin discriminaci\u00f3n de g\u00e9nero, raza, clase social, posici\u00f3n pol\u00edtica o religiosa.<\/p>\n<p><strong>Segundo Principio<\/strong>: <em>Control democr\u00e1tico de los miembros<\/em><\/p>\n<p>Las cooperativas son organizaciones democr\u00e1ticas controladas por sus miembros quienes participan activamente en la definici\u00f3n de las pol\u00edticas y en la toma de decisiones.<\/p>\n<p>Los hombres y mujeres elegidos para representar a su cooperativa, responden ante los miembros.<\/p>\n<p>En las cooperativas de base los miembros tienen igual derecho de voto (un miembro, un voto), mientras en las cooperativas de otros niveles tambi\u00e9n se organizan con procedimientos democr\u00e1ticos.<\/p>\n<p><strong>Tercer Principio<\/strong>: <em>Participaci\u00f3n econ\u00f3mica de los miembros<\/em><\/p>\n<p>Los miembros contribuyen de manera equitativa y controlan de manera democr\u00e1tica el capital de la cooperativa. Por lo menos una parte de ese capital es propiedad com\u00fan de la cooperativa.<\/p>\n<p>Usualmente reciben una compensaci\u00f3n limitada, si es que la hay, sobre el capital suscrito como condici\u00f3n de membres\u00eda.<\/p>\n<p>Los miembros asignan excedentes para cualquiera de los siguientes prop\u00f3sitos: El desarrollo de la cooperativa mediante la posible creaci\u00f3n de reservas, de la cual al menos una parte debe ser indivisible; los beneficios para los miembros en proporci\u00f3n con sus transacciones con la cooperativa; y el apoyo a otras actividades seg\u00fan lo apruebe la membres\u00eda.<\/p>\n<p><strong>Cuarto Principio<\/strong>: <em>Autonom\u00eda e independencia<\/em><\/p>\n<p>Las cooperativas son organizaciones aut\u00f3nomas de ayuda mutua, controladas por sus miembros.<\/p>\n<p>Si entran en acuerdos con otras organizaciones (incluyendo gobiernos) o tienen capital de fuentes externas, lo realizan en t\u00e9rminos que aseguren el control democr\u00e1tico por parte de sus miembros y mantengan la autonom\u00eda de la cooperativa.<\/p>\n<p><strong>Quinto Principio<\/strong>: <em>Educaci\u00f3n, formaci\u00f3n e informaci\u00f3n<\/em><\/p>\n<p>Las cooperativas brindan educaci\u00f3n y entrenamiento a sus miembros, a sus dirigentes electos, gerentes y empleados, de tal forma que contribuyan eficazmente al desarrollo de sus cooperativas.<\/p>\n<p>Las cooperativas informan al p\u00fablico en general, particularmente a j\u00f3venes y creadores de opini\u00f3n, acerca de la naturaleza y beneficios del cooperativismo.<\/p>\n<p><strong>Sexto Principio<\/strong>: <em>Cooperaci\u00f3n entre cooperativas<\/em><\/p>\n<p>Las cooperativas sirven a sus miembros m\u00e1s eficazmente y fortalecen el movimiento cooperativo trabajando de manera conjunta por medio de estructuras locales, nacionales, regionales e internacionales.<\/p>\n<p><strong>S\u00e9ptimo Principio<\/strong>: <em>Compromiso con la comunidad<\/em><\/p>\n<p>La cooperativa trabaja para el desarrollo sostenible de su comunidad por medio de pol\u00edticas aceptadas por sus miembros<\/p>\n<p style=\"text-align: justify;\">Todos estos principios son seguidos por las cooperativas, con independencia de la variada tipolog\u00eda jur\u00eddica y organizativa que hay dentro del cooperativismo. Su clasificaci\u00f3n puede hacerse atendiendo a diferentes criterios.<\/p>\n<p style=\"text-align: justify;\">\n","protected":false},"excerpt":{"rendered":"<p>La cooperativa es una sociedad de capital variable que, a trav\u00e9s del ejercicio de actividades socioecon\u00f3micas, desarrolla una empresa de propiedad conjunta de todas las\/los socias\/los. Su finalidad consiste en prestar servicios y satisfacer necesidades y aspiraciones de su personas socias, mediante su participaci\u00f3n activa, <a href=\"https:\/\/espazo.coop\/es\/cooperativismo\/actividades-de-representacion\/\"> [&#8230;]<\/a><\/p>\n","protected":false},"author":3,"featured_media":0,"parent":1844,"menu_order":1,"comment_status":"open","ping_status":"closed","template":"","meta":{"footnotes":""},"class_list":["post-2032","page","type-page","status-publish","hentry"],"jetpack_shortlink":"https:\/\/wp.me\/P8lGby-wM","jetpack_sharing_enabled":true,"_links":{"self":[{"href":"https:\/\/espazo.coop\/es\/wp-json\/wp\/v2\/pages\/2032","targetHints":{"allow":["GET"]}}],"collection":[{"href":"https:\/\/espazo.coop\/es\/wp-json\/wp\/v2\/pages"}],"about":[{"href":"https:\/\/espazo.coop\/es\/wp-json\/wp\/v2\/types\/page"}],"author":[{"embeddable":true,"href":"https:\/\/espazo.coop\/es\/wp-json\/wp\/v2\/users\/3"}],"replies":[{"embeddable":true,"href":"https:\/\/espazo.coop\/es\/wp-json\/wp\/v2\/comments?post=2032"}],"version-history":[{"count":1,"href":"https:\/\/espazo.coop\/es\/wp-json\/wp\/v2\/pages\/2032\/revisions"}],"predecessor-version":[{"id":16747,"href":"https:\/\/espazo.coop\/es\/wp-json\/wp\/v2\/pages\/2032\/revisions\/16747"}],"up":[{"embeddable":true,"href":"https:\/\/espazo.coop\/es\/wp-json\/wp\/v2\/pages\/1844"}],"wp:attachment":[{"href":"https:\/\/espazo.coop\/es\/wp-json\/wp\/v2\/media?parent=2032"}],"curies":[{"name":"wp","href":"https:\/\/api.w.org\/{rel}","templated":true}]}}