{"id":18527,"date":"2017-05-31T18:54:35","date_gmt":"2017-05-31T16:54:35","guid":{"rendered":"https:\/\/espazo.coop\/?page_id=18527\/"},"modified":"2022-10-10T09:30:20","modified_gmt":"2022-10-10T07:30:20","slug":"redes","status":"publish","type":"page","link":"https:\/\/espazo.coop\/es\/la-union\/redes\/","title":{"rendered":"Redes"},"content":{"rendered":"<div class=\"fusion-fullwidth fullwidth-box fusion-builder-row-1 nonhundred-percent-fullwidth non-hundred-percent-height-scrolling\" style=\"--awb-border-radius-top-left:0px;--awb-border-radius-top-right:0px;--awb-border-radius-bottom-right:0px;--awb-border-radius-bottom-left:0px;--awb-flex-wrap:wrap;\" ><div class=\"fusion-builder-row fusion-row\"><div class=\"fusion-layout-column fusion_builder_column fusion-builder-column-0 fusion_builder_column_1_1 1_1 fusion-one-full fusion-column-first fusion-column-last\" style=\"--awb-bg-size:cover;--awb-margin-bottom:0px;\"><div class=\"fusion-column-wrapper fusion-flex-column-wrapper-legacy\"><div class=\"fusion-text fusion-text-1\"><h2><\/h2>\n<h1><strong>REDES<\/strong><\/h1>\n<h1><strong>La Uni\u00f3n de Cooperativas EspazoCoop forma parte de las siguientes redes y entidades<\/strong><\/h1>\n<h1><strong><a href=\"https:\/\/espazo.coop\/wp-content\/uploads\/2016\/12\/Logo.gif\"><img decoding=\"async\" class=\"alignnone wp-image-16560 size-full\" src=\"https:\/\/espazo.coop\/wp-content\/uploads\/2016\/12\/Logo.gif\" alt=\"\" width=\"162\" height=\"88\" \/><\/a><\/strong><\/h1>\n<h2>&gt;&gt; La Uni\u00f3n es miembro del\u00a0<a href=\"http:\/\/emprego.ceei.xunta.gal\/consello-galego-de-cooperativas\" target=\"_blank\" rel=\"noopener noreferrer\">Consello Galego de Cooperativas<\/a>, forma parte del Pleno y de la Comisi\u00f3n Permanente. Es miembro de la Unidad T\u00e9cnica de Formaci\u00f3n del Consello y del Observatorio del Cooperativismo Galego.<\/h2>\n<h3><img decoding=\"async\" class=\"alignnone wp-image-18490\" src=\"https:\/\/espazo.coop\/wp-content\/uploads\/2012\/02\/eusumo_0.png\" alt=\"\" width=\"162\" height=\"65\" srcset=\"https:\/\/espazo.coop\/wp-content\/uploads\/2012\/02\/eusumo_0-80x32.png 80w, https:\/\/espazo.coop\/wp-content\/uploads\/2012\/02\/eusumo_0.png 200w\" sizes=\"(max-width: 162px) 100vw, 162px\" \/><\/h3>\n<h2><a href=\"http:\/\/www.eusumo.gal\/\" target=\"_blank\" rel=\"noopener\">&gt;&gt; Rede Eusumo<\/a>, fomento del cooperativismo y la econom\u00eda social en Galicia.<\/h2>\n<p><img decoding=\"async\" class=\"alignnone wp-image-18481\" src=\"https:\/\/espazo.coop\/wp-content\/uploads\/2012\/02\/coceta-30-aniversario.png\" alt=\"\" width=\"162\" height=\"85\" srcset=\"https:\/\/espazo.coop\/wp-content\/uploads\/2012\/02\/coceta-30-aniversario-80x42.png 80w, https:\/\/espazo.coop\/wp-content\/uploads\/2012\/02\/coceta-30-aniversario.png 171w\" sizes=\"(max-width: 162px) 100vw, 162px\" \/><\/p>\n<h2><a href=\"http:\/\/www.coceta.coop\" target=\"_blank\" rel=\"noopener noreferrer\">&gt;&gt; Confederaci\u00f3n Espa\u00f1ola de Cooperativas de Trabajo Asociado (COCETA).<\/a><\/h2>\n<h3><img decoding=\"async\" class=\"alignnone wp-image-18482\" src=\"https:\/\/espazo.coop\/wp-content\/uploads\/2012\/02\/UECoE-258x300.jpg\" alt=\"\" width=\"162\" height=\"188\" srcset=\"https:\/\/espazo.coop\/wp-content\/uploads\/2012\/02\/UECoE-69x80.jpg 69w, https:\/\/espazo.coop\/wp-content\/uploads\/2012\/02\/UECoE-200x233.jpg 200w, https:\/\/espazo.coop\/wp-content\/uploads\/2012\/02\/UECoE-258x300.jpg 258w, https:\/\/espazo.coop\/wp-content\/uploads\/2012\/02\/UECoE-400x465.jpg 400w, https:\/\/espazo.coop\/wp-content\/uploads\/2012\/02\/UECoE-600x698.jpg 600w, https:\/\/espazo.coop\/wp-content\/uploads\/2012\/02\/UECoE-800x930.jpg 800w, https:\/\/espazo.coop\/wp-content\/uploads\/2012\/02\/UECoE.jpg 1101w\" sizes=\"(max-width: 162px) 100vw, 162px\" \/><\/h3>\n<h2><a href=\"http:\/\/www.uecoe.es\/\" target=\"_blank\" rel=\"noopener\">&gt;&gt; Uni\u00f3n Espa\u00f1ola de Cooperativas de Ense\u00f1anza (UECOE).<\/a><\/h2>\n<h2>COCETA y UECOE trabajan con entidades del resto del estado y tienen acceso y representaci\u00f3n en organismos estatales como <a href=\"http:\/\/www.cepes.es\/\" target=\"_blank\" rel=\"noopener noreferrer\">CEPES<\/a> (<em>Confederaci\u00f3n Empresarial Espa\u00f1ola de la Econom\u00eda Social<\/em>), europeos como <a href=\"http:\/\/www.cecop.coop\/\" target=\"_blank\" rel=\"noopener noreferrer\">CECOP <\/a>(<em>Confederaci\u00f3n Europea de Cooperativas de Trabajo<\/em>) e internacionales como <a href=\"http:\/\/www.cicopa.coop\/Reglamento.html\" target=\"_blank\" rel=\"noopener noreferrer\">CICOPA-ACI <\/a>(<em>Comit\u00e9 Internacional del Cooperativismo de Trabajo de la Alianza cooperativa internacional<\/em>).<\/h2>\n<p><img decoding=\"async\" class=\"alignnone wp-image-18487\" src=\"https:\/\/espazo.coop\/wp-content\/uploads\/2012\/02\/logo-ACES-300x195.jpg\" alt=\"\" width=\"162\" height=\"105\" srcset=\"https:\/\/espazo.coop\/wp-content\/uploads\/2012\/02\/logo-ACES-80x52.jpg 80w, https:\/\/espazo.coop\/wp-content\/uploads\/2012\/02\/logo-ACES-200x130.jpg 200w, https:\/\/espazo.coop\/wp-content\/uploads\/2012\/02\/logo-ACES-300x195.jpg 300w, https:\/\/espazo.coop\/wp-content\/uploads\/2012\/02\/logo-ACES-400x260.jpg 400w, https:\/\/espazo.coop\/wp-content\/uploads\/2012\/02\/logo-ACES-600x390.jpg 600w, https:\/\/espazo.coop\/wp-content\/uploads\/2012\/02\/logo-ACES-800x520.jpg 800w, https:\/\/espazo.coop\/wp-content\/uploads\/2012\/02\/logo-ACES.bmp 1084w\" sizes=\"(max-width: 162px) 100vw, 162px\" \/><\/p>\n<h2>&gt;&gt; Asociaci\u00f3n de centros de Econom\u00eda Social de Galicia | Contacto:\u00a0<a href=\"&#109;&#x61;&#x69;l&#116;&#x6f;&#x3a;r&#111;&#x62;e&#114;&#x74;&#x6f;&#64;&#101;&#x73;p&#97;&#x7a;&#x6f;&#46;&#99;&#x6f;&#x6f;&#112;\">&#114;&#x6f;&#98;&#x65;&#114;&#x74;&#111;&#x40;e&#x73;p&#x61;z&#x6f;&#46;&#99;&#x6f;&#111;&#x70;\u00a0<\/a><\/h2>\n<h3><img decoding=\"async\" class=\"alignnone wp-image-18485\" src=\"https:\/\/espazo.coop\/wp-content\/uploads\/2012\/02\/logo_galicia.jpg\" alt=\"\" width=\"162\" height=\"107\" srcset=\"https:\/\/espazo.coop\/wp-content\/uploads\/2012\/02\/logo_galicia-80x53.jpg 80w, https:\/\/espazo.coop\/wp-content\/uploads\/2012\/02\/logo_galicia-200x132.jpg 200w, https:\/\/espazo.coop\/wp-content\/uploads\/2012\/02\/logo_galicia.jpg 245w\" sizes=\"(max-width: 162px) 100vw, 162px\" \/><\/h3>\n<h2>&gt;&gt; La Uni\u00f3n es socia constituyente de <a href=\"http:\/\/www.coop57.coop\/galicia\/\" target=\"_blank\" rel=\"noopener noreferrer\">Coop57 Galicia<\/a>,\u00a0 la secci\u00f3n gallega de la cooperativa de servicios financieros \u00e9ticos y solidarios, Coop57, SCC con sede social en Barcelona.\u00a0 EspazoCoop es entidad asociada y entidad difusora.<\/h2>\n<p><img decoding=\"async\" class=\"alignnone wp-image-18488\" src=\"https:\/\/espazo.coop\/wp-content\/uploads\/2012\/02\/logo-fiare-be-color-hq_17738160064_o-300x102.jpg\" alt=\"\" width=\"162\" height=\"55\" srcset=\"https:\/\/espazo.coop\/wp-content\/uploads\/2012\/02\/logo-fiare-be-color-hq_17738160064_o-80x27.jpg 80w, https:\/\/espazo.coop\/wp-content\/uploads\/2012\/02\/logo-fiare-be-color-hq_17738160064_o-200x68.jpg 200w, https:\/\/espazo.coop\/wp-content\/uploads\/2012\/02\/logo-fiare-be-color-hq_17738160064_o-300x102.jpg 300w, https:\/\/espazo.coop\/wp-content\/uploads\/2012\/02\/logo-fiare-be-color-hq_17738160064_o-400x136.jpg 400w, https:\/\/espazo.coop\/wp-content\/uploads\/2012\/02\/logo-fiare-be-color-hq_17738160064_o-600x203.jpg 600w, https:\/\/espazo.coop\/wp-content\/uploads\/2012\/02\/logo-fiare-be-color-hq_17738160064_o-800x271.jpg 800w, https:\/\/espazo.coop\/wp-content\/uploads\/2012\/02\/logo-fiare-be-color-hq_17738160064_o.jpg 1280w\" sizes=\"(max-width: 162px) 100vw, 162px\" \/><\/p>\n<h2><a href=\"https:\/\/fiaregz.wordpress.com\/\" target=\"_blank\" rel=\"noopener\">&gt;&gt; Fiare Galicia<\/a>, territorial de <a href=\"http:\/\/www.fiarebancaetica.coop\/\" target=\"_blank\" rel=\"noopener\">Fiare Banca \u00c9tica<\/a>.<\/h2>\n<p><img decoding=\"async\" class=\"alignnone wp-image-18486\" src=\"https:\/\/espazo.coop\/wp-content\/uploads\/2012\/02\/logo-REAS-Galicia-208x300.png\" alt=\"\" width=\"162\" height=\"233\" srcset=\"https:\/\/espazo.coop\/wp-content\/uploads\/2012\/02\/logo-REAS-Galicia-56x80.png 56w, https:\/\/espazo.coop\/wp-content\/uploads\/2012\/02\/logo-REAS-Galicia-200x288.png 200w, https:\/\/espazo.coop\/wp-content\/uploads\/2012\/02\/logo-REAS-Galicia-208x300.png 208w, https:\/\/espazo.coop\/wp-content\/uploads\/2012\/02\/logo-REAS-Galicia.png 295w\" sizes=\"(max-width: 162px) 100vw, 162px\" \/><\/p>\n<h2><a href=\"https:\/\/www.facebook.com\/reas.galiza\" target=\"_blank\" rel=\"noopener\">&gt;&gt; REAS Galicia<\/a>, territorial de <a href=\"http:\/\/www.economiasolidaria.org\/\" target=\"_blank\" rel=\"noopener\">REAS<\/a> (Red de redes de Econom\u00eda Alternativa y Solidaria).<\/h2>\n<p><a href=\"https:\/\/espazo.coop\/wp-content\/uploads\/2012\/02\/LogoNosaEnerxia.jpg\"><img decoding=\"async\" class=\"alignnone wp-image-18489\" src=\"https:\/\/espazo.coop\/wp-content\/uploads\/2012\/02\/LogoNosaEnerxia-273x300.jpg\" alt=\"\" width=\"162\" height=\"178\" srcset=\"https:\/\/espazo.coop\/wp-content\/uploads\/2012\/02\/LogoNosaEnerxia-73x80.jpg 73w, https:\/\/espazo.coop\/wp-content\/uploads\/2012\/02\/LogoNosaEnerxia-200x220.jpg 200w, https:\/\/espazo.coop\/wp-content\/uploads\/2012\/02\/LogoNosaEnerxia-273x300.jpg 273w, https:\/\/espazo.coop\/wp-content\/uploads\/2012\/02\/LogoNosaEnerxia.jpg 378w\" sizes=\"(max-width: 162px) 100vw, 162px\" \/><\/a><\/p>\n<h2><a href=\"https:\/\/www.nosaenerxia.com\/\" target=\"_blank\" rel=\"noopener\">&gt;&gt; Nosa Enerx\u00eda<\/a>, cooperativa de energ\u00eda verde de Galicia.<\/h2>\n<p><a href=\"https:\/\/espazo.coop\/wp-content\/uploads\/2018\/07\/logo_pontup_2018_slogan-exterior_positivo.png\"><img decoding=\"async\" class=\"alignnone wp-image-22129\" src=\"https:\/\/espazo.coop\/wp-content\/uploads\/2018\/07\/logo_pontup_2018_slogan-exterior_positivo-80x80.png\" alt=\"\" width=\"162\" height=\"162\" srcset=\"https:\/\/espazo.coop\/wp-content\/uploads\/2018\/07\/logo_pontup_2018_slogan-exterior_positivo-80x80.png 80w, https:\/\/espazo.coop\/wp-content\/uploads\/2018\/07\/logo_pontup_2018_slogan-exterior_positivo-200x200.png 200w, https:\/\/espazo.coop\/wp-content\/uploads\/2018\/07\/logo_pontup_2018_slogan-exterior_positivo-300x300.png 300w, https:\/\/espazo.coop\/wp-content\/uploads\/2018\/07\/logo_pontup_2018_slogan-exterior_positivo-400x400.png 400w, https:\/\/espazo.coop\/wp-content\/uploads\/2018\/07\/logo_pontup_2018_slogan-exterior_positivo-600x600.png 600w, https:\/\/espazo.coop\/wp-content\/uploads\/2018\/07\/logo_pontup_2018_slogan-exterior_positivo-800x800.png 800w, https:\/\/espazo.coop\/wp-content\/uploads\/2018\/07\/logo_pontup_2018_slogan-exterior_positivo.png 1000w\" sizes=\"(max-width: 162px) 100vw, 162px\" \/><\/a><\/p>\n<h2><a href=\"http:\/\/pontupstore.com\/2017\/gl\/\" target=\"_blank\" rel=\"noopener\">&gt;&gt; Pont Up Store<\/a> &#8211; Espacio de Emprendimiento<\/h2>\n<p><a href=\"https:\/\/espazo.coop\/wp-content\/uploads\/2018\/07\/logoFOROESG.png\"><img decoding=\"async\" class=\"alignnone wp-image-22132 size-400\" src=\"https:\/\/espazo.coop\/wp-content\/uploads\/2018\/07\/logoFOROESG-400x116.png\" alt=\"\" width=\"400\" height=\"116\" srcset=\"https:\/\/espazo.coop\/wp-content\/uploads\/2018\/07\/logoFOROESG-80x23.png 80w, https:\/\/espazo.coop\/wp-content\/uploads\/2018\/07\/logoFOROESG-200x58.png 200w, https:\/\/espazo.coop\/wp-content\/uploads\/2018\/07\/logoFOROESG-300x87.png 300w, https:\/\/espazo.coop\/wp-content\/uploads\/2018\/07\/logoFOROESG-400x116.png 400w, https:\/\/espazo.coop\/wp-content\/uploads\/2018\/07\/logoFOROESG.png 440w\" sizes=\"(max-width: 400px) 100vw, 400px\" \/><\/a><\/p>\n<h2>&gt;&gt; <a href=\"https:\/\/espazo.coop\/novas-do-coperativismo\/o-foro-pola-economia-social-galega-nace-da-man-das-cinco-entidades-mais-representativas\/\">Foro pola Econom\u00eda Social Galega<\/a><\/h2>\n<\/div><div class=\"fusion-clearfix\"><\/div><\/div><\/div><\/div><\/div>\n","protected":false},"excerpt":{"rendered":"","protected":false},"author":9,"featured_media":0,"parent":1801,"menu_order":5,"comment_status":"closed","ping_status":"closed","template":"","meta":{"footnotes":""},"class_list":["post-18527","page","type-page","status-publish","hentry"],"jetpack_shortlink":"https:\/\/wp.me\/P8lGby-4OP","jetpack_sharing_enabled":true,"_links":{"self":[{"href":"https:\/\/espazo.coop\/es\/wp-json\/wp\/v2\/pages\/18527","targetHints":{"allow":["GET"]}}],"collection":[{"href":"https:\/\/espazo.coop\/es\/wp-json\/wp\/v2\/pages"}],"about":[{"href":"https:\/\/espazo.coop\/es\/wp-json\/wp\/v2\/types\/page"}],"author":[{"embeddable":true,"href":"https:\/\/espazo.coop\/es\/wp-json\/wp\/v2\/users\/9"}],"replies":[{"embeddable":true,"href":"https:\/\/espazo.coop\/es\/wp-json\/wp\/v2\/comments?post=18527"}],"version-history":[{"count":5,"href":"https:\/\/espazo.coop\/es\/wp-json\/wp\/v2\/pages\/18527\/revisions"}],"predecessor-version":[{"id":36396,"href":"https:\/\/espazo.coop\/es\/wp-json\/wp\/v2\/pages\/18527\/revisions\/36396"}],"up":[{"embeddable":true,"href":"https:\/\/espazo.coop\/es\/wp-json\/wp\/v2\/pages\/1801"}],"wp:attachment":[{"href":"https:\/\/espazo.coop\/es\/wp-json\/wp\/v2\/media?parent=18527"}],"curies":[{"name":"wp","href":"https:\/\/api.w.org\/{rel}","templated":true}]}}