{"id":1844,"date":"2012-02-02T13:44:02","date_gmt":"2012-02-02T12:44:02","guid":{"rendered":"https:\/\/espazo.coop\/?page_id=1844"},"modified":"2017-01-27T13:49:26","modified_gmt":"2017-01-27T12:49:26","slug":"cooperativismo","status":"publish","type":"page","link":"https:\/\/espazo.coop\/es\/cooperativismo\/","title":{"rendered":"Cooperativismo"},"content":{"rendered":"<p style=\"text-align: justify;\">Seg\u00fan datos de la Alianza Cooperativa Internacional, el Movimiento Cooperativo re\u00fane a m\u00e1s de <strong>mil millones<\/strong> de personas en todo el mundo.<\/p>\n<p style=\"text-align: justify;\">Las Naciones Unidas estimaron en 1994 que el sustento de casi <strong>3.000 millones<\/strong> de personas, la mitad de la poblaci\u00f3n mundial, se hizo gracias a las empresas cooperativas. Estas empresas siguen desempe\u00f1ando un importante rol econ\u00f3mico y social en sus comunidades.<\/p>\n<p style=\"text-align: justify;\">A continuaci\u00f3n, algunos datos sobre el movimiento que demuestra su relevancia y contribuci\u00f3n al desarrollo econ\u00f3mico y social.<\/p>\n<p style=\"text-align: justify;\">En <strong>Espa\u00f1a<\/strong> , en 2008 el 15% de la poblaci\u00f3n, o 6,7 millones de personas son miembros de una cooperativa. M\u00e1s de 22.000 empresas forman parte del cooperativismo.<\/p>\n<p style=\"text-align: justify;\">En <strong>Galicia<\/strong> existen un total de 1.141 cooperativas activas, que cuentan con unos 80.000 socios, y crean unos 28.000 puestos de trabajo directos. En la actualidad, m\u00e1s del 2% de los ocupados gallegos est\u00e1n vinculados al cooperativismo.<\/p>\n<p style=\"text-align: justify;\">Puedes ver el video que la OIT realiz\u00f3 en el a\u00f1o 2012 con motivo del a\u00f1o internacional del cooperativismo: <a href=\"https:\/\/espazo.coop\/es\/recursos-coop\/multimedia-recursos-coop\/video-da-oit-conmemorativo-do-ano-internacional-das-cooperativas\/\" target=\"_blank\">aqu\u00ed<\/a><\/p>\n<p>&nbsp;<\/p>\n","protected":false},"excerpt":{"rendered":"<p>Seg\u00fan datos de la Alianza Cooperativa Internacional, el Movimiento Cooperativo re\u00fane a m\u00e1s de mil millones de personas en todo el mundo. Las Naciones Unidas estimaron en 1994 que el sustento de casi 3.000 millones de personas, la mitad de la poblaci\u00f3n mundial, se hizo <a href=\"https:\/\/espazo.coop\/es\/cooperativismo\/\"> [&#8230;]<\/a><\/p>\n","protected":false},"author":1,"featured_media":0,"parent":0,"menu_order":5,"comment_status":"closed","ping_status":"closed","template":"","meta":{"footnotes":""},"class_list":["post-1844","page","type-page","status-publish","hentry"],"jetpack_shortlink":"https:\/\/wp.me\/P8lGby-tK","jetpack_sharing_enabled":true,"_links":{"self":[{"href":"https:\/\/espazo.coop\/es\/wp-json\/wp\/v2\/pages\/1844","targetHints":{"allow":["GET"]}}],"collection":[{"href":"https:\/\/espazo.coop\/es\/wp-json\/wp\/v2\/pages"}],"about":[{"href":"https:\/\/espazo.coop\/es\/wp-json\/wp\/v2\/types\/page"}],"author":[{"embeddable":true,"href":"https:\/\/espazo.coop\/es\/wp-json\/wp\/v2\/users\/1"}],"replies":[{"embeddable":true,"href":"https:\/\/espazo.coop\/es\/wp-json\/wp\/v2\/comments?post=1844"}],"version-history":[{"count":1,"href":"https:\/\/espazo.coop\/es\/wp-json\/wp\/v2\/pages\/1844\/revisions"}],"predecessor-version":[{"id":16750,"href":"https:\/\/espazo.coop\/es\/wp-json\/wp\/v2\/pages\/1844\/revisions\/16750"}],"wp:attachment":[{"href":"https:\/\/espazo.coop\/es\/wp-json\/wp\/v2\/media?parent=1844"}],"curies":[{"name":"wp","href":"https:\/\/api.w.org\/{rel}","templated":true}]}}