{"id":1840,"date":"2012-02-02T13:31:35","date_gmt":"2012-02-02T12:31:35","guid":{"rendered":"https:\/\/espazo.coop\/?page_id=1840"},"modified":"2026-04-06T12:09:12","modified_gmt":"2026-04-06T10:09:12","slug":"destinatariasos","status":"publish","type":"page","link":"https:\/\/espazo.coop\/es\/la-union\/destinatariasos\/","title":{"rendered":"Transparencia"},"content":{"rendered":"<div class=\"fusion-fullwidth fullwidth-box fusion-builder-row-1 nonhundred-percent-fullwidth non-hundred-percent-height-scrolling\" style=\"--awb-border-radius-top-left:0px;--awb-border-radius-top-right:0px;--awb-border-radius-bottom-right:0px;--awb-border-radius-bottom-left:0px;--awb-flex-wrap:wrap;\" ><div class=\"fusion-builder-row fusion-row\"><div class=\"fusion-layout-column fusion_builder_column fusion-builder-column-0 fusion_builder_column_1_1 1_1 fusion-one-full fusion-column-first fusion-column-last\" style=\"--awb-bg-size:cover;--awb-margin-bottom:0px;\"><div class=\"fusion-column-wrapper fusion-flex-column-wrapper-legacy\"><div class=\"fusion-text fusion-text-1\"><h1>Transparencia<\/h1>\n<p>La uni\u00f3n de cooperativas Espazocoop est\u00e1 comprometida con la transparencia, como un principio fundamental por el que se gu\u00edan las cooperativas, y en aplicaci\u00f3n de la legislaci\u00f3n vigente.<\/p>\n<p>Legislaci\u00f3n sobre transparencia:<\/p>\n<ul>\n<li><a href=\"https:\/\/espazo.coop\/wp-content\/uploads\/2011\/12\/Lei-1-16-AnuncioC3B0-110216-0001_gl.pdf\">Ley 1\/2016, do 18 de enero, de transparencia y buen gobierno<\/a><\/li>\n<li><a href=\"http:\/\/boe.es\/diario_boe\/txt.php?id=BOE-A-2013-12887\" target=\"_blank\" rel=\"noopener\">Ley 19\/2013, de 9 de diciembre, de transparencia, acceso a la informaci\u00f3n p\u00fablica y buen gobierno<\/a><\/li>\n<\/ul>\n<p><a href=\"https:\/\/espazo.coop\/wp-content\/uploads\/2011\/12\/icono-2.jpg\"><img decoding=\"async\" class=\"alignnone wp-image-18522\" src=\"https:\/\/espazo.coop\/wp-content\/uploads\/2011\/12\/icono-2.jpg\" alt=\"\" width=\"100\" height=\"92\" srcset=\"https:\/\/espazo.coop\/wp-content\/uploads\/2011\/12\/icono-2-80x74.jpg 80w, https:\/\/espazo.coop\/wp-content\/uploads\/2011\/12\/icono-2-200x185.jpg 200w, https:\/\/espazo.coop\/wp-content\/uploads\/2011\/12\/icono-2.jpg 272w\" sizes=\"(max-width: 100px) 100vw, 100px\" \/><\/a><\/p>\n<p><strong>MISI\u00d3N, VISI\u00d3N Y VALORES<\/strong><\/p>\n<p>Espazocoop agrupa y representa el cooperativismo gallego de m\u00faltiples clases (trabajo asociado, consumo, ense\u00f1anza, o servicios, entre otras m\u00e1s)<\/p>\n<p><a href=\"https:\/\/espazo.coop\/es\/la-union\/qui%c3%a9nes-somos\/\">Leer m\u00e1s<\/a><\/p>\n<p><a href=\"https:\/\/espazo.coop\/wp-content\/uploads\/2011\/12\/icono-8.jpg\"><img decoding=\"async\" class=\"alignnone wp-image-18521\" src=\"https:\/\/espazo.coop\/wp-content\/uploads\/2011\/12\/icono-8.jpg\" alt=\"\" width=\"100\" height=\"109\" srcset=\"https:\/\/espazo.coop\/wp-content\/uploads\/2011\/12\/icono-8-74x80.jpg 74w, https:\/\/espazo.coop\/wp-content\/uploads\/2011\/12\/icono-8-200x217.jpg 200w, https:\/\/espazo.coop\/wp-content\/uploads\/2011\/12\/icono-8.jpg 244w\" sizes=\"(max-width: 100px) 100vw, 100px\" \/><\/a><\/p>\n<p><strong>ORGANIGRAMA<\/strong><\/p>\n<p>La uni\u00f3n cuenta con una doble estructura: una t\u00e9cnica, integrada por un <a href=\"https:\/\/espazo.coop\/es\/la-union\/equipo-t%c3%a9cnico\/\">equipo<\/a> de 9 personas que se ocupan de la actividad diaria de la organizaci\u00f3n, y los \u00f3rganos de representaci\u00f3n pol\u00edtica y de decisi\u00f3n, formados por la Asamblea general de socias y el Consejo Rector, que lo integran cooperativas socias de Espazocoop.<\/p>\n<p><a href=\"https:\/\/espazo.coop\/es\/la-union\/organigrama\/\">Leer m\u00e1s<\/a><\/p>\n<p><img decoding=\"async\" class=\"alignnone wp-image-18520\" src=\"https:\/\/espazo.coop\/wp-content\/uploads\/2011\/12\/icono-1.jpg\" alt=\"\" width=\"100\" height=\"114\" srcset=\"https:\/\/espazo.coop\/wp-content\/uploads\/2011\/12\/icono-1-70x80.jpg 70w, https:\/\/espazo.coop\/wp-content\/uploads\/2011\/12\/icono-1-200x227.jpg 200w, https:\/\/espazo.coop\/wp-content\/uploads\/2011\/12\/icono-1.jpg 221w\" sizes=\"(max-width: 100px) 100vw, 100px\" \/><\/p>\n<p><strong>ESTATUTOS<\/strong><\/p>\n<p>Estos son los estatutos que rigen la uni\u00f3n<\/p>\n<p><a href=\"https:\/\/espazo.coop\/wp-content\/uploads\/2011\/12\/Estatutos-Sociais-Espazocoop.pdf\">Leer m\u00e1s\u00a0<\/a><\/p>\n<p><a href=\"https:\/\/espazo.coop\/wp-content\/uploads\/2018\/07\/icono-3.jpg\"><img decoding=\"async\" class=\"alignnone wp-image-22077\" src=\"https:\/\/espazo.coop\/wp-content\/uploads\/2018\/07\/icono-3-75x80.jpg\" alt=\"\" width=\"100\" height=\"106\" srcset=\"https:\/\/espazo.coop\/wp-content\/uploads\/2018\/07\/icono-3-75x80.jpg 75w, https:\/\/espazo.coop\/wp-content\/uploads\/2018\/07\/icono-3-200x212.jpg 200w, https:\/\/espazo.coop\/wp-content\/uploads\/2018\/07\/icono-3.jpg 244w\" sizes=\"(max-width: 100px) 100vw, 100px\" \/><\/a><\/p>\n<p><strong>SISTEMA DE CUOTAS PARA COOPERATIVAS SOCIAS<\/strong><\/p>\n<p>Informaci\u00f3n del sistema de cuota asociativa<\/p>\n<p><a href=\"https:\/\/espazo.coop\/wp-content\/uploads\/2025\/05\/Cotas-asociativas-EspazoCoop-2025.pdf\">Leer m\u00e1s<\/a><\/p>\n<p><strong><a href=\"https:\/\/espazo.coop\/wp-content\/uploads\/2011\/12\/icono-11.jpg\"><img decoding=\"async\" class=\"alignnone wp-image-18557\" src=\"https:\/\/espazo.coop\/wp-content\/uploads\/2011\/12\/icono-11-223x300.jpg\" alt=\"\" width=\"80\" height=\"108\" srcset=\"https:\/\/espazo.coop\/wp-content\/uploads\/2011\/12\/icono-11-60x80.jpg 60w, https:\/\/espazo.coop\/wp-content\/uploads\/2011\/12\/icono-11-200x269.jpg 200w, https:\/\/espazo.coop\/wp-content\/uploads\/2011\/12\/icono-11-223x300.jpg 223w, https:\/\/espazo.coop\/wp-content\/uploads\/2011\/12\/icono-11.jpg 224w\" sizes=\"(max-width: 80px) 100vw, 80px\" \/><\/a><\/strong><\/p>\n<p><strong>PLAN DE TRABAJO Y PRESUPUESTOS\u00a0<\/strong><\/p>\n<p><strong>Ano 2025<\/strong><\/p>\n<ul>\n<li><a href=\"https:\/\/espazo.coop\/wp-content\/uploads\/2025\/05\/EspazoCoop-POA-2025-1.pdf\">Plan de Traballo <\/a><\/li>\n<li><a href=\"https:\/\/espazo.coop\/wp-content\/uploads\/2025\/05\/Orzamento-EspazoCoop-2025.pdf\">Orzamentos 2025<\/a><\/li>\n<\/ul>\n<p><strong>Ano 2024<\/strong><\/p>\n<ul>\n<li><a href=\"https:\/\/espazo.coop\/wp-content\/uploads\/2024\/05\/POA-2024-EspazoCoop.pdf\">Plan de Traballo<\/a><\/li>\n<li><a href=\"https:\/\/espazo.coop\/wp-content\/uploads\/2024\/05\/Proposta-orzamento-EspazoCoop-2024.pdf\">Orzamentos 2024<\/a><\/li>\n<li><a href=\"https:\/\/espazo.coop\/wp-content\/uploads\/2024\/05\/CATALOGO-2024-ESPAZOCOOP_ultimo.pdf\">Cat\u00e1logo 2024 -actividades e servizos &#8211;<\/a><\/li>\n<\/ul>\n<p>&nbsp;<\/p>\n<p><strong>2019<\/strong><\/p>\n<p><a href=\"https:\/\/espazo.coop\/wp-content\/uploads\/2019\/05\/PLAN-DE-XESTI\u00d3N-ESPAZOCOOP-2019.pdf\">Plan de Trabajo 2019<\/a><\/p>\n<p><a href=\"https:\/\/espazo.coop\/wp-content\/uploads\/2019\/06\/CAT\u00c1LOGO-DE-ACTIVIDADES-2019-ESPAZOCOOP-maio.pdf\">Cat\u00e1logo de actividades y servicios 2019<\/a><\/p>\n<p><a href=\"https:\/\/espazo.coop\/wp-content\/uploads\/2019\/05\/Proxecto-de-orzamentos-espazocoop-2019.pdf\">Presupuestos 2019<\/a><\/p>\n<p><strong>2018<\/strong><\/p>\n<p><a href=\"https:\/\/espazo.coop\/wp-content\/uploads\/2018\/05\/2018-01-POA-ESPAZOCOOP-2018-asemblea.pdf\">Plan de Trabajo 2018<\/a><\/p>\n<p><a href=\"https:\/\/espazo.coop\/wp-content\/uploads\/2018\/05\/CAT\u00c1LOGO-DE-ACTIVIDADES-2018-ESPAZOCOOP-v.200718.pdf\">Cat\u00e1logo de actividades 2018<\/a><\/p>\n<p><a href=\"https:\/\/espazo.coop\/wp-content\/uploads\/2018\/05\/Proxecto-de-orzamentos-espazocoop-2018.pdf\">Presupuestos 2018<\/a><\/p>\n<p><strong>2017<\/strong><\/p>\n<p><a href=\"https:\/\/espazo.coop\/wp-content\/uploads\/2011\/12\/Informe-de-actividades-e-orzamento-2017.pdf\">Plan de Trabajo 2017<\/a><\/p>\n<p><a href=\"https:\/\/espazo.coop\/wp-content\/uploads\/2011\/12\/Axudas-Espazocoop-100717.pdf\">Ayudas concedidas a Espazocoop, actualizado a 10\/07\/17<\/a><\/p>\n<p><a href=\"https:\/\/espazo.coop\/wp-content\/uploads\/2011\/12\/icono-4.jpg\"><img decoding=\"async\" class=\"alignnone wp-image-18547\" src=\"https:\/\/espazo.coop\/wp-content\/uploads\/2011\/12\/icono-4.jpg\" alt=\"\" width=\"100\" height=\"112\" srcset=\"https:\/\/espazo.coop\/wp-content\/uploads\/2011\/12\/icono-4-72x80.jpg 72w, https:\/\/espazo.coop\/wp-content\/uploads\/2011\/12\/icono-4-200x224.jpg 200w, https:\/\/espazo.coop\/wp-content\/uploads\/2011\/12\/icono-4.jpg 253w\" sizes=\"(max-width: 100px) 100vw, 100px\" \/><\/a><\/p>\n<p><strong>MEMORIA DE ACTIVIDADES<\/strong><\/p>\n<p><strong>Ano 2024:<\/strong> <a href=\"https:\/\/espazo.coop\/wp-content\/uploads\/2025\/05\/Memoria-2024-EspazoCoop-1.pdf\">Memoria social 2024<\/a><\/p>\n<p><strong>Ano 2023:<\/strong> <a href=\"https:\/\/espazo.coop\/wp-content\/uploads\/2024\/06\/MEMORIA-2023-v.2-4-1.pdf\">Memoria social 2023<\/a><\/p>\n<p>&nbsp;<\/p>\n<p><strong>2018<\/strong><\/p>\n<p><a href=\"https:\/\/www.dropbox.com\/s\/ns292v8iwoqpple\/MEMORIA%20SOCIAL%2018%20espazocoop.pdf?dl=0\" target=\"_blank\" rel=\"noopener\">Memoria social 2018<\/a><\/p>\n<p><strong>2017<\/strong><\/p>\n<p><a href=\"https:\/\/www.dropbox.com\/s\/1fnyoda75mzm4ci\/MEMORIA%20SOCIAL%202017_EspazoCoop.pdf?dl=0\" target=\"_blank\" rel=\"noopener\">Memoria social 2017<\/a><\/p>\n<p><strong>2016<\/strong><\/p>\n<p><a href=\"https:\/\/espazo.coop\/wp-content\/uploads\/2011\/12\/Informe-de-actividades-2016.pdf\">Informe de actividades 2016<\/a><\/p>\n<p><a href=\"https:\/\/espazo.coop\/wp-content\/uploads\/2021\/06\/icono-6.jpg\"><img decoding=\"async\" class=\"alignnone wp-image-32920\" src=\"https:\/\/espazo.coop\/wp-content\/uploads\/2021\/06\/icono-6.jpg\" alt=\"\" width=\"80\" height=\"91\" srcset=\"https:\/\/espazo.coop\/wp-content\/uploads\/2021\/06\/icono-6-71x80.jpg 71w, https:\/\/espazo.coop\/wp-content\/uploads\/2021\/06\/icono-6-200x227.jpg 200w, https:\/\/espazo.coop\/wp-content\/uploads\/2021\/06\/icono-6.jpg 249w\" sizes=\"(max-width: 80px) 100vw, 80px\" \/><\/a><\/p>\n<p><strong>COMPENSACIONES ECON\u00d3MICAS POR REPRESENTACI\u00d3N<\/strong><\/p>\n<p><strong>Accede a la informaci\u00f3n sobre las representaciones que ejercen las personas del consejo rector y del equipo t\u00e9cnico de EspazoCoop:<\/strong> <a href=\"https:\/\/espazo.coop\/wp-content\/uploads\/2025\/06\/Cadro-de-representacions-xaneiro-2025.pdf\">Personas que ejercen representaciones<\/a><\/p>\n<p>&nbsp;<\/p>\n<p><strong>A\u00f1o 2024:<\/strong> <a href=\"https:\/\/espazo.coop\/wp-content\/uploads\/2025\/05\/Gastos-de-representacion-2024.pdf\">Gastos de representacion 2024<\/a><\/p>\n<p><strong>A\u00f1o 2023: <\/strong><a href=\"https:\/\/espazo.coop\/wp-content\/uploads\/2024\/05\/Gastos-de-representacion-2023.pdf\">Gastos de representaci\u00f3n 2023<\/a><strong><br \/>\n<\/strong><\/p>\n<p><strong>A\u00f1o 2022: <\/strong><a href=\"https:\/\/espazo.coop\/wp-content\/uploads\/2023\/06\/Gastos-de-representacion-2022.pdf\">Gastos de representaci\u00f3n 2022<\/a><strong><br \/>\n<\/strong><\/p>\n<p><strong>A\u00f1o 2021<\/strong>: <a href=\"https:\/\/espazo.coop\/wp-content\/uploads\/2023\/02\/Gastos-de-representacion-2021.pdf\">Gastos de representaci\u00f3n 2021<\/a><\/p>\n<p><strong>A\u00f1o 2020: <\/strong><a href=\"https:\/\/espazo.coop\/wp-content\/uploads\/2021\/06\/Gastos-de-representacion-2020.pdf\">Gastos de representaci\u00f3n 2020<\/a><\/p>\n<p><strong>A\u00f1o 2019: <\/strong><a href=\"https:\/\/espazo.coop\/wp-content\/uploads\/2021\/06\/Gastos-de-representacion-2019.pdf\">Gastos de representaci\u00f3n 2019<\/a><\/p>\n<p><strong>A\u00f1o 2018: <\/strong><a href=\"https:\/\/espazo.coop\/wp-content\/uploads\/2021\/06\/Gastos-de-representacion-2018.pdf\">Gastos de representaci\u00f3n 2018<\/a><\/p>\n<p><strong>A\u00f1o 2017: <\/strong><a href=\"https:\/\/espazo.coop\/wp-content\/uploads\/2021\/06\/Gastos-de-representacion-2017.pdf\">Gastos de representaci\u00f3n 2017<\/a><\/p>\n<p><a href=\"https:\/\/espazo.coop\/wp-content\/uploads\/2011\/12\/icono-5.jpg\"><img decoding=\"async\" class=\"alignnone wp-image-18548\" src=\"https:\/\/espazo.coop\/wp-content\/uploads\/2011\/12\/icono-5.jpg\" alt=\"\" width=\"100\" height=\"110\" srcset=\"https:\/\/espazo.coop\/wp-content\/uploads\/2011\/12\/icono-5-72x80.jpg 72w, https:\/\/espazo.coop\/wp-content\/uploads\/2011\/12\/icono-5-200x221.jpg 200w, https:\/\/espazo.coop\/wp-content\/uploads\/2011\/12\/icono-5.jpg 240w\" sizes=\"(max-width: 100px) 100vw, 100px\" \/><\/a><\/p>\n<p><strong>INFORMACI\u00d3N ECON\u00d3MICA<\/strong><\/p>\n<p><strong>Ano 2024<\/strong><\/p>\n<ul>\n<li><a href=\"https:\/\/espazo.coop\/wp-content\/uploads\/2025\/05\/Informe-auditoria-e-contas-anuais-2024-1.pdf\">Informe Auditor\u00eda e Contas Anuais 2024<\/a><\/li>\n<\/ul>\n<p><strong>Ano 2023<\/strong><\/p>\n<ul>\n<li><a href=\"https:\/\/espazo.coop\/wp-content\/uploads\/2024\/05\/Informe-auditoria-EspazoCoop-2023.pdf\">Informe Auditor\u00eda e Contas Anuais 2023<\/a><\/li>\n<\/ul>\n<p>&nbsp;<\/p>\n<p><strong>2019<\/strong><\/p>\n<ul>\n<li><a href=\"https:\/\/espazo.coop\/wp-content\/uploads\/2026\/03\/Informe-final-auditoria-2019.pdf\">Informe de Auditor\u00eda e Contas Anuais 2019<\/a><\/li>\n<\/ul>\n<p><strong>2018<\/strong><\/p>\n<p><a href=\"https:\/\/espazo.coop\/wp-content\/uploads\/2019\/05\/Contas-anuais-Espazocoop-2018.pdf\">Cuentas anuales 2018<\/a><\/p>\n<p><a href=\"https:\/\/espazo.coop\/wp-content\/uploads\/2019\/05\/Informe-de-Xesti%C3%B3n-Espazocoop-2018.pdf\">Informe de gesti\u00f3n econ\u00f3mica 2018<\/a><\/p>\n<p><a href=\"https:\/\/espazo.coop\/wp-content\/uploads\/2019\/05\/A-345-ESPAZOCOOP-CA2018-SCAN.pdf\">Informe Auditor\u00eda cuentas anuales 2018<\/a><\/p>\n<p><strong>2017<\/strong><\/p>\n<p><a href=\"https:\/\/espazo.coop\/wp-content\/uploads\/2018\/05\/CONTAS_ANUAIS_14052018_ENVIOAUDITORIA.pdf\">Cuentas anuales 2017 EspazoCoop<\/a><\/p>\n<p><a href=\"https:\/\/espazo.coop\/wp-content\/uploads\/2018\/05\/Informe-de-Xesti\u00f3n-Espazocoop-2017_asdo.pdf\">Informe de la gesti\u00f3n econ\u00f3mica 2017 EspazoCoop<\/a><\/p>\n<p><a href=\"https:\/\/espazo.coop\/wp-content\/uploads\/2018\/05\/A-269-ESPAZOCOOP-CA2017-SCAN.pdf\">Informe Auditor\u00eda Cuentas 2017 EspazoCoop<\/a><\/p>\n<p><strong>2016<\/strong><\/p>\n<p><a href=\"https:\/\/espazo.coop\/wp-content\/uploads\/2011\/12\/Contas_anuais_Sinerxia.pdf\">Cuentas Anuales Sinerxia<\/a><\/p>\n<p><a href=\"https:\/\/espazo.coop\/wp-content\/uploads\/2011\/12\/Contas_anuais_Ucetag.pdf\">Cuentas Anuales Ucetag<\/a><\/p>\n<p><a href=\"https:\/\/espazo.coop\/wp-content\/uploads\/2011\/12\/Contas_Anuais_Ugacota.pdf\">Cuentas Anuales Ugacota<\/a><\/p>\n<p><a href=\"https:\/\/espazo.coop\/wp-content\/uploads\/2011\/12\/Informe-econ\u00f3mico-exercicio-2016.pdf\">Informe econ\u00f3mico ejercicio 2016<\/a><\/p>\n<p><a href=\"https:\/\/espazo.coop\/wp-content\/uploads\/2011\/12\/icono-12.png\"><img decoding=\"async\" class=\"alignnone wp-image-18544\" src=\"https:\/\/espazo.coop\/wp-content\/uploads\/2011\/12\/icono-12-254x300.png\" alt=\"\" width=\"100\" height=\"118\" srcset=\"https:\/\/espazo.coop\/wp-content\/uploads\/2011\/12\/icono-12-68x80.png 68w, https:\/\/espazo.coop\/wp-content\/uploads\/2011\/12\/icono-12-200x236.png 200w, https:\/\/espazo.coop\/wp-content\/uploads\/2011\/12\/icono-12-254x300.png 254w, https:\/\/espazo.coop\/wp-content\/uploads\/2011\/12\/icono-12.png 304w\" sizes=\"(max-width: 100px) 100vw, 100px\" \/><\/a><\/p>\n<p><strong>INTERCOOPERACI\u00d3N Y REDES<\/strong><\/p>\n<p>La Uni\u00f3n de Cooperativas tenemos relaciones con otras entidades, somos miembro o participamos en distintas organizaciones y redes.<\/p>\n<p><a href=\"https:\/\/espazo.coop\/es\/la-union\/redes\/\">Leer m\u00e1s<\/a><\/p>\n<p><a href=\"https:\/\/espazo.coop\/wp-content\/uploads\/2011\/12\/icono-10.png\"><img decoding=\"async\" class=\"alignnone wp-image-18524\" src=\"https:\/\/espazo.coop\/wp-content\/uploads\/2011\/12\/icono-10-300x292.png\" alt=\"\" width=\"100\" height=\"97\" srcset=\"https:\/\/espazo.coop\/wp-content\/uploads\/2011\/12\/icono-10-80x78.png 80w, https:\/\/espazo.coop\/wp-content\/uploads\/2011\/12\/icono-10-200x195.png 200w, https:\/\/espazo.coop\/wp-content\/uploads\/2011\/12\/icono-10-300x292.png 300w, https:\/\/espazo.coop\/wp-content\/uploads\/2011\/12\/icono-10.png 310w\" sizes=\"(max-width: 100px) 100vw, 100px\" \/><\/a><\/p>\n<p><strong>PLAN ESTRAT\u00c9GICO<\/strong><\/p>\n<p><strong>Plan Estrat\u00e9gico 2022-2025<\/strong>: <a href=\"https:\/\/espazo.coop\/wp-content\/uploads\/2022\/01\/PLAN-ESTRATEXICO-Espazocoop-2022-2025.pdf\">Plan Estrat\u00e9gico 2022-2025<\/a><\/p>\n<p><strong>Plan Estrat\u00e9gico 2016-2019<\/strong>:\u00a0<a href=\"https:\/\/espazo.coop\/wp-content\/uploads\/2011\/12\/Plan-Estrat\u00e9xico.pdf\">Plan Estrat\u00e9gico 2016-2019<\/a><\/p>\n<p><a href=\"https:\/\/espazo.coop\/wp-content\/uploads\/2011\/12\/icono-protocolo.jpg\"><img decoding=\"async\" class=\"alignnone wp-image-18995\" src=\"https:\/\/espazo.coop\/wp-content\/uploads\/2011\/12\/icono-protocolo.jpg\" alt=\"\" width=\"100\" height=\"106\" srcset=\"https:\/\/espazo.coop\/wp-content\/uploads\/2011\/12\/icono-protocolo-76x80.jpg 76w, https:\/\/espazo.coop\/wp-content\/uploads\/2011\/12\/icono-protocolo.jpg 135w\" sizes=\"(max-width: 100px) 100vw, 100px\" \/><\/a><\/p>\n<p><strong>PROTOCOLO DE CONTRATACI\u00d3N\u00a0<\/strong><\/p>\n<p>La Uni\u00f3n tiene un procedimiento para la contrataci\u00f3n de servicios o adquisici\u00f3n de productos, aprobado por el consejo rector.<\/p>\n<p><a href=\"https:\/\/espazo.coop\/wp-content\/uploads\/2026\/03\/Proposta-Documento-de-Transparencia-e-Bo-Goberno-VF.pdf\">Protocolo de Transparencia y Buen Gobierno<\/a><\/p>\n<p><strong>CONTRATACIONES<\/strong><\/p>\n<p>Haz clic: <a href=\"https:\/\/espazo.coop\/wp-content\/uploads\/2026\/04\/Contratacions-EspazoCoop_v.060426.pdf\">Relaci\u00f3n de contrataci\u00f3ns de EspazoCoop<\/a><\/p>\n<p><a href=\"https:\/\/espazo.coop\/wp-content\/uploads\/2019\/12\/icono-9.jpg\"><img decoding=\"async\" class=\"alignnone wp-image-27865\" src=\"https:\/\/espazo.coop\/wp-content\/uploads\/2019\/12\/icono-9.jpg\" alt=\"\" width=\"100\" height=\"77\" srcset=\"https:\/\/espazo.coop\/wp-content\/uploads\/2019\/12\/icono-9-80x62.jpg 80w, https:\/\/espazo.coop\/wp-content\/uploads\/2019\/12\/icono-9-200x155.jpg 200w, https:\/\/espazo.coop\/wp-content\/uploads\/2019\/12\/icono-9.jpg 293w\" sizes=\"(max-width: 100px) 100vw, 100px\" \/><\/a><\/p>\n<p><strong>BALANCE SOCIAL<\/strong><span style=\"color: #34b7c4;\"><strong>\u00a0<\/strong><\/span><\/p>\n<p>La Uni\u00f3n de Cooperativas EspazoCoop realiza balance social a trav\u00e9s de REAS (Red de Econom\u00eda Alternativa e Solidaria), organizaci\u00f3n de la que es miembro. Los resultados de la <em>Auditor\u00eda Social \u2018Ense\u00f1a el Coraz\u00f3n\u2019<\/em> quedan reflejados en los siguientes documentos:<\/p>\n<p><strong>A\u00f1o 2023<\/strong><\/p>\n<p><a href=\"https:\/\/espazo.coop\/wp-content\/uploads\/2025\/05\/REAS-Informe-Resultados-2023-1.pdf\">Auditor\u00eda Social 2023<\/a><\/p>\n<p><strong>A\u00f1o 2022<\/strong><\/p>\n<p><a href=\"https:\/\/espazo.coop\/wp-content\/uploads\/2024\/01\/Auditoria-Social-EspazoCoop-exercicio-2022.pdf\">Auditor\u00eda Social 2022<\/a><\/p>\n<p><strong>A\u00f1o 2021<\/strong><\/p>\n<p><a href=\"https:\/\/espazo.coop\/wp-content\/uploads\/2022\/09\/Auditoria-Social-EspazoCoop-exercicio-2021.pdf\">Auditor\u00eda Social 2021<\/a><\/p>\n<p><strong>A\u00f1o 2020<\/strong><\/p>\n<p><a href=\"https:\/\/espazo.coop\/wp-content\/uploads\/2021\/09\/Auditoria-Social-EspazoCoop-exerc.-2020.pdf\">Auditor\u00eda Social 2020<\/a><\/p>\n<p><strong>A\u00f1o 2019<\/strong><\/p>\n<p><a href=\"https:\/\/espazo.coop\/wp-content\/uploads\/2020\/10\/Auditoria-Social-EspazoCoop-exercicio-2019.pdf\">Auditor\u00eda Social 2019<\/a><\/p>\n<p><strong>A\u00f1o 2018\u00a0<\/strong><\/p>\n<p><a href=\"https:\/\/espazo.coop\/wp-content\/uploads\/2021\/09\/Auditoria-Social-exerc.-2018-EspazoCoop.pdf\">Auditor\u00eda Social 2018<\/a><\/p>\n<\/div><div class=\"fusion-clearfix\"><\/div><\/div><\/div><\/div><\/div>\n","protected":false},"excerpt":{"rendered":"","protected":false},"author":1,"featured_media":0,"parent":1801,"menu_order":4,"comment_status":"closed","ping_status":"closed","template":"side-navigation.php","meta":{"footnotes":""},"class_list":["post-1840","page","type-page","status-publish","hentry"],"jetpack_shortlink":"https:\/\/wp.me\/P8lGby-tG","jetpack_sharing_enabled":true,"_links":{"self":[{"href":"https:\/\/espazo.coop\/es\/wp-json\/wp\/v2\/pages\/1840","targetHints":{"allow":["GET"]}}],"collection":[{"href":"https:\/\/espazo.coop\/es\/wp-json\/wp\/v2\/pages"}],"about":[{"href":"https:\/\/espazo.coop\/es\/wp-json\/wp\/v2\/types\/page"}],"author":[{"embeddable":true,"href":"https:\/\/espazo.coop\/es\/wp-json\/wp\/v2\/users\/1"}],"replies":[{"embeddable":true,"href":"https:\/\/espazo.coop\/es\/wp-json\/wp\/v2\/comments?post=1840"}],"version-history":[{"count":10,"href":"https:\/\/espazo.coop\/es\/wp-json\/wp\/v2\/pages\/1840\/revisions"}],"predecessor-version":[{"id":49289,"href":"https:\/\/espazo.coop\/es\/wp-json\/wp\/v2\/pages\/1840\/revisions\/49289"}],"up":[{"embeddable":true,"href":"https:\/\/espazo.coop\/es\/wp-json\/wp\/v2\/pages\/1801"}],"wp:attachment":[{"href":"https:\/\/espazo.coop\/es\/wp-json\/wp\/v2\/media?parent=1840"}],"curies":[{"name":"wp","href":"https:\/\/api.w.org\/{rel}","templated":true}]}}