{"id":1835,"date":"2012-02-02T13:28:56","date_gmt":"2012-02-02T12:28:56","guid":{"rendered":"https:\/\/espazo.coop\/?page_id=1835"},"modified":"2017-01-31T13:41:56","modified_gmt":"2017-01-31T12:41:56","slug":"objetivos-y-fines","status":"publish","type":"page","link":"https:\/\/espazo.coop\/es\/la-union\/objetivos-y-fines\/","title":{"rendered":"Objetivos y fines"},"content":{"rendered":"<div class=\"fusion-fullwidth fullwidth-box fusion-builder-row-1 nonhundred-percent-fullwidth non-hundred-percent-height-scrolling\" style=\"--awb-border-radius-top-left:0px;--awb-border-radius-top-right:0px;--awb-border-radius-bottom-right:0px;--awb-border-radius-bottom-left:0px;--awb-flex-wrap:wrap;\" ><div class=\"fusion-builder-row fusion-row\"><div class=\"fusion-layout-column fusion_builder_column fusion-builder-column-0 fusion_builder_column_1_1 1_1 fusion-one-full fusion-column-first fusion-column-last\" style=\"--awb-bg-size:cover;--awb-margin-bottom:0px;\"><div class=\"fusion-column-wrapper fusion-flex-column-wrapper-legacy\"><div class=\"fusion-text fusion-text-1\"><p>El<strong> objeto de la Uni\u00f3n<\/strong> es la defensa de los intereses socioecon\u00f3micos de las cooperativas asociadas, junto con la promoci\u00f3n de todo cuanto contribuya a fomentar el prestigio de la misma, la unificaci\u00f3n de pol\u00edticas y de criterios, la harmon\u00eda y el esp\u00edritu societario y la mejora del nivel profesional y humano.<\/p>\n<p>Los<strong> fines espec\u00edficos de la Uni\u00f3n<\/strong>, son los siguientes:<\/p>\n<ul>\n<li>La representaci\u00f3n y defensa de los intereses colectivos de las cooperativas asociadas, ante todo tipo de personas, entidades y organismos p\u00fablicos y privados.<\/li>\n<li>Fomentar el cooperativismo.<\/li>\n<li>Reclamar a los poderes p\u00fablicos una atenci\u00f3n y colaboraci\u00f3n preferente con el sector cooperativo, para alcanzar un mejor desarrollo social y empresarial.<\/li>\n<li>Informar, asesorar y negociar con las administraciones p\u00fablicas sobre la elaboraci\u00f3n, desarrollo, aplicaci\u00f3n y modificaci\u00f3n de cuantas disposiciones puedan dictarse que afecten a las empresas cooperativas.<\/li>\n<li>Promover la colaboraci\u00f3n con organismos e instituciones oficiales y con otras asociaciones de car\u00e1cter pol\u00edtico, sindical, empresarial o cultural en cuantos asuntos se estimen oportunos.<\/li>\n<li>Establecer, mantener y fomentar contactos y colaboraci\u00f3n con entidades auton\u00f3micas, estatales e internacionales de natureleza cooperativa.<\/li>\n<li>Informar y asesorar a las cooperativas asociadas de cualquiera asunto de interese en la forma y condiciones que reglamentariamente se determinen estableciendo un flujo de informaci\u00f3n regular y completo, tanto a nivel interno como externo.<\/li>\n<li>Promover el intercambio de informaci\u00f3n entre las cooperativas asociadas sobre asuntos que sean de inter\u00e9s, para el mejor dearrollo de sus actividades.<\/li>\n<li>Promover y coordinar la formaci\u00f3n cooperativa, empresarial y ocupacional en las cooperativas.<\/li>\n<li>Fomentar la toma de conciencia y apoyar la igualdad de oportunidades y la integraci\u00f3n social de cualquier colectivo en riesgo de exclusi\u00f3n, en la comunidad en general y en el cooperativismo de trabajo asociado en particular.<\/li>\n<li>Fomentar un nuevo cooperativismo, con presencia en sectores emergentes, incentivando empresas de alto valor engadido e novas tecnolox\u00edas.<\/li>\n<li>Prestar a sus cooperativas asociadas los servicios de asesoramiento y gesti\u00f3n que sean solicitados y aprobados por la Asemblea General.<\/li>\n<li>Cualquiera otro que sea conforme con la defensa y desarollo de la Uni\u00f3n de Cooperativas.<\/li>\n<\/ul>\n<p>Excepto la representaci\u00f3n y defensa de los intereses comunes, ning\u00fan otro servicio puede ser impuesto a las cooperativas asociadas, rigiendo a este respecto el principio de participaci\u00f3n voluntaria de las mismas.<\/p>\n<p>&nbsp;<\/p>\n<p><a href=\"https:\/\/espazo.coop\/a-union\/obxectivos-e-fins\/attachment\/objetivos\/\" rel=\"attachment wp-att-1830\"><img decoding=\"async\" class=\"aligncenter size-large wp-image-1830\" title=\"objetivos\" src=\"https:\/\/espazo.coop\/wp-content\/uploads\/2011\/12\/objetivos-600x274.png\" alt=\"\" width=\"600\" height=\"274\" srcset=\"https:\/\/espazo.coop\/wp-content\/uploads\/2011\/12\/objetivos-300x137.png 300w, https:\/\/espazo.coop\/wp-content\/uploads\/2011\/12\/objetivos-600x274.png 600w, https:\/\/espazo.coop\/wp-content\/uploads\/2011\/12\/objetivos.png 920w\" sizes=\"(max-width: 600px) 100vw, 600px\" \/><\/a><\/p>\n<\/div><div class=\"fusion-clearfix\"><\/div><\/div><\/div><\/div><\/div>\n","protected":false},"excerpt":{"rendered":"","protected":false},"author":1,"featured_media":0,"parent":1801,"menu_order":1,"comment_status":"closed","ping_status":"closed","template":"","meta":{"footnotes":""},"class_list":["post-1835","page","type-page","status-publish","hentry"],"jetpack_shortlink":"https:\/\/wp.me\/P8lGby-tB","jetpack_sharing_enabled":true,"_links":{"self":[{"href":"https:\/\/espazo.coop\/es\/wp-json\/wp\/v2\/pages\/1835","targetHints":{"allow":["GET"]}}],"collection":[{"href":"https:\/\/espazo.coop\/es\/wp-json\/wp\/v2\/pages"}],"about":[{"href":"https:\/\/espazo.coop\/es\/wp-json\/wp\/v2\/types\/page"}],"author":[{"embeddable":true,"href":"https:\/\/espazo.coop\/es\/wp-json\/wp\/v2\/users\/1"}],"replies":[{"embeddable":true,"href":"https:\/\/espazo.coop\/es\/wp-json\/wp\/v2\/comments?post=1835"}],"version-history":[{"count":4,"href":"https:\/\/espazo.coop\/es\/wp-json\/wp\/v2\/pages\/1835\/revisions"}],"predecessor-version":[{"id":17010,"href":"https:\/\/espazo.coop\/es\/wp-json\/wp\/v2\/pages\/1835\/revisions\/17010"}],"up":[{"embeddable":true,"href":"https:\/\/espazo.coop\/es\/wp-json\/wp\/v2\/pages\/1801"}],"wp:attachment":[{"href":"https:\/\/espazo.coop\/es\/wp-json\/wp\/v2\/media?parent=1835"}],"curies":[{"name":"wp","href":"https:\/\/api.w.org\/{rel}","templated":true}]}}