{"id":1825,"date":"2012-02-02T13:06:00","date_gmt":"2012-02-02T12:06:00","guid":{"rendered":"https:\/\/espazo.coop\/?page_id=1825"},"modified":"2025-10-30T11:28:44","modified_gmt":"2025-10-30T10:28:44","slug":"sectoriales","status":"publish","type":"page","link":"https:\/\/espazo.coop\/es\/la-union\/sectoriales\/","title":{"rendered":"Sectoriales"},"content":{"rendered":"<p><div class=\"fusion-fullwidth fullwidth-box fusion-builder-row-1 nonhundred-percent-fullwidth non-hundred-percent-height-scrolling\" style=\"--awb-border-radius-top-left:0px;--awb-border-radius-top-right:0px;--awb-border-radius-bottom-right:0px;--awb-border-radius-bottom-left:0px;--awb-flex-wrap:wrap;\" ><div class=\"fusion-builder-row fusion-row\"><div class=\"fusion-layout-column fusion_builder_column fusion-builder-column-0 fusion_builder_column_1_1 1_1 fusion-one-full fusion-column-first fusion-column-last\" style=\"--awb-bg-size:cover;--awb-margin-bottom:0px;\"><div class=\"fusion-column-wrapper fusion-flex-column-wrapper-legacy\"><div class=\"fusion-text fusion-text-1\"><div class=\"fusion-text fusion-text-1\"><\/div>\n<h1><span style=\"color: #34b7c4;\"><strong>Sectoriais<\/strong><\/span><\/h1>\n<hr \/>\n<p><strong><img decoding=\"async\" class=\"wp-image-40982 size-fusion-400 alignright\" src=\"https:\/\/espazo.coop\/wp-content\/uploads\/2024\/03\/coworking-400x267.jpg\" alt=\"\" width=\"400\" height=\"267\" srcset=\"https:\/\/espazo.coop\/wp-content\/uploads\/2024\/03\/coworking-80x53.jpg 80w, https:\/\/espazo.coop\/wp-content\/uploads\/2024\/03\/coworking-200x133.jpg 200w, https:\/\/espazo.coop\/wp-content\/uploads\/2024\/03\/coworking-300x200.jpg 300w, https:\/\/espazo.coop\/wp-content\/uploads\/2024\/03\/coworking-400x267.jpg 400w, https:\/\/espazo.coop\/wp-content\/uploads\/2024\/03\/coworking-600x400.jpg 600w, https:\/\/espazo.coop\/wp-content\/uploads\/2024\/03\/coworking-800x533.jpg 800w, https:\/\/espazo.coop\/wp-content\/uploads\/2024\/03\/coworking-1200x800.jpg 1200w, https:\/\/espazo.coop\/wp-content\/uploads\/2024\/03\/coworking.jpg 1280w\" sizes=\"(max-width: 400px) 100vw, 400px\" \/><\/strong><\/p>\n<p>En EspazoCoop existen varias sectoriais que agrupan cooperativas que comparten sector de actividade. Agruparse sectorialmente \u00e9 unha forma de colaboraci\u00f3n.<\/p>\n<p>A creaci\u00f3n e a organizaci\u00f3n de Sectoriais coas socias responde ao obxetivo de que a Uni\u00f3n favoreza a interrelaci\u00f3n e os grupos de traballo independentes daquelas cooperativas que se poden agrupar polo tipo de sector e pola actividade que realizan.<\/p>\n<p>As sectoriais de EspazoCoop re\u00fanense regularmente para coordinar actuaci\u00f3ns nos seus \u00e1mbitos. Entre os seus fins est\u00e1 fortalecer os procesos de sectorializaci\u00f3n da entidade, procurar unha intermediaci\u00f3n especializada e incrementar a interlocuci\u00f3n nos eidos espec\u00edficos de cada sectorial, reforzando a identificaci\u00f3n de demandas e li\u00f1as de traballo espec\u00edficas.<\/p>\n<h2><strong>Sectorial de Ensino<\/strong><\/h2>\n<p>As cooperativas de ensino contan cunha sectorial propia dentro da Uni\u00f3n. O seu representante pol\u00edtico \u00e9 un dos membros do consello reitor: Miguel Anxo Filgueira Touri\u00f1o &#8211; Adigna s. coop. galega (Colexio Abrente).<\/p>\n<h2><strong>Sectorial de Cultura, Turismo, Ocio, Patrimonio e Medio Ambiente<\/strong><\/h2>\n<p>EspazoCoop conta ademais con outra secci\u00f3n conformada polo grupo das cooperativas do sector de cultura, turismo, ocio, patrimonio e medio ambiente, a s\u00faa portavoz forma parte do consello reitor: Mar\u00eda Emilia Candal Bouzas &#8211; Urdime s. coop. galega.<\/p>\n<h2><strong>Sectorial de Consumo<\/strong><\/h2>\n<p>En EspazoCoop existe unha secci\u00f3n conformada polas cooperativas de consumo, a s\u00faa portavoz forma parte do consello reitor:\u00a0Jos\u00e9 Antonio Eiras Vila &#8211; Nosa Enerx\u00eda s. coop. galega.<\/p>\n<h2><strong>Sectorial de Asesor\u00edas-Consultor\u00edas<\/strong><\/h2>\n<p>A Uni\u00f3n de Cooperativas EspazoCoop conta coa sectorial conformada polo grupo das cooperativas do sector asesor\u00edas e consultor\u00edas, a s\u00faa portavoz forma parte do consello reitor:\u00a0Claudia Rodr\u00edguez &#8211; Al\u00e9n s. coop. galega.<\/p>\n<hr \/>\n<h1><strong>Sectorial de Ensino<\/strong><\/h1>\n<div class=\"video-shortcode\">\n<blockquote class=\"wp-embedded-content\" data-secret=\"ZQS6Vpa6Ic\">\n<p><a href=\"https:\/\/espazo.coop\/ensino-cooperativo\/\">Ensino cooperativo<\/a><\/p>\n<\/blockquote>\n<p><iframe class=\"wp-embedded-content\" sandbox=\"allow-scripts\" security=\"restricted\" style=\"position: absolute; visibility: hidden;\" title=\"\u00abEnsino cooperativo\u00bb \u2014 Espazo Coop\" src=\"https:\/\/espazo.coop\/ensino-cooperativo\/embed\/#?secret=Gwz3Ov52gm#?secret=ZQS6Vpa6Ic\" data-secret=\"ZQS6Vpa6Ic\" width=\"600\" height=\"338\" frameborder=\"0\" marginwidth=\"0\" marginheight=\"0\" scrolling=\"no\"><\/iframe><\/div>\n<div class=\"video-shortcode\">\n<blockquote class=\"wp-embedded-content\" data-secret=\"STFv8ujDx8\">\n<p><a href=\"https:\/\/espazo.coop\/rede-eusumo\/espazocoop-promove-o-4o-congreso-galego-de-cooperativas-de-ensino-15-nov\/\">EspazoCoop promove o 4\u00ba Congreso Galego de Cooperativas de Ensino [15 nov.]<\/a><\/p>\n<\/blockquote>\n<p><iframe class=\"wp-embedded-content\" sandbox=\"allow-scripts\" security=\"restricted\" style=\"position: absolute; visibility: hidden;\" title=\"\u00abEspazoCoop promove o 4\u00ba Congreso Galego de Cooperativas de Ensino &#091;15 nov.&#093;\u00bb \u2014 Espazo Coop\" src=\"https:\/\/espazo.coop\/rede-eusumo\/espazocoop-promove-o-4o-congreso-galego-de-cooperativas-de-ensino-15-nov\/embed\/#?secret=Ks7F4RY9y1#?secret=STFv8ujDx8\" data-secret=\"STFv8ujDx8\" width=\"600\" height=\"338\" frameborder=\"0\" marginwidth=\"0\" marginheight=\"0\" scrolling=\"no\"><\/iframe><\/div>\n<div class=\"video-shortcode\">\n<blockquote class=\"wp-embedded-content\" data-secret=\"GVU35gzpKy\">\n<p><a href=\"https:\/\/espazo.coop\/novas-do-coperativismo\/portal-de-seguros-eticos-para-escolas-cooperativas-asociadas-a-espazocoop\/\">Portal de seguros \u00e9ticos para escolas cooperativas asociadas a EspazoCoop<\/a><\/p>\n<\/blockquote>\n<p><iframe class=\"wp-embedded-content\" sandbox=\"allow-scripts\" security=\"restricted\" style=\"position: absolute; visibility: hidden;\" title=\"\u00abPortal de seguros \u00e9ticos para escolas cooperativas asociadas a EspazoCoop\u00bb \u2014 Espazo Coop\" src=\"https:\/\/espazo.coop\/novas-do-coperativismo\/portal-de-seguros-eticos-para-escolas-cooperativas-asociadas-a-espazocoop\/embed\/#?secret=WnEbTFjs0U#?secret=GVU35gzpKy\" data-secret=\"GVU35gzpKy\" width=\"600\" height=\"338\" frameborder=\"0\" marginwidth=\"0\" marginheight=\"0\" scrolling=\"no\"><\/iframe><\/div>\n<div class=\"video-shortcode\">\n<blockquote class=\"wp-embedded-content\" data-secret=\"cXXyAe98OY\">\n<p><a href=\"https:\/\/espazo.coop\/rede-eusumo\/servizo-asesoria-xuridica-en-materia-educativa\/\">Servizo &gt; Asesor\u00eda xur\u00eddica en materia educativa<\/a><\/p>\n<\/blockquote>\n<p><iframe class=\"wp-embedded-content\" sandbox=\"allow-scripts\" security=\"restricted\" style=\"position: absolute; visibility: hidden;\" title=\"\u00abServizo &gt; Asesor\u00eda xur\u00eddica en materia educativa\u00bb \u2014 Espazo Coop\" src=\"https:\/\/espazo.coop\/rede-eusumo\/servizo-asesoria-xuridica-en-materia-educativa\/embed\/#?secret=drHMRrkNcD#?secret=cXXyAe98OY\" data-secret=\"cXXyAe98OY\" width=\"600\" height=\"338\" frameborder=\"0\" marginwidth=\"0\" marginheight=\"0\" scrolling=\"no\"><\/iframe><\/div>\n<hr \/>\n<h1><strong>Sectorial de Cultura, Turismo, Ocio, Patrimonio e Medio Ambiente<\/strong><\/h1>\n<div class=\"video-shortcode\">\n<blockquote class=\"wp-embedded-content\" data-secret=\"X56qYByT1U\">\n<p><a href=\"https:\/\/espazo.coop\/rede-eusumo\/xornada-cultura-no-ano-internacional-das-cooperativas-2025-26-novembro-santiago\/\">Xornada \u00abCultura no Ano Internacional das Cooperativas 2025\u00bb, 26 novembro, Santiago<\/a><\/p>\n<\/blockquote>\n<p><iframe class=\"wp-embedded-content\" sandbox=\"allow-scripts\" security=\"restricted\" style=\"position: absolute; visibility: hidden;\" title=\"\u00abXornada \u00abCultura no Ano Internacional das Cooperativas 2025\u00bb, 26 novembro, Santiago\u00bb \u2014 Espazo Coop\" src=\"https:\/\/espazo.coop\/rede-eusumo\/xornada-cultura-no-ano-internacional-das-cooperativas-2025-26-novembro-santiago\/embed\/#?secret=mL7Gn1xZ1x#?secret=X56qYByT1U\" data-secret=\"X56qYByT1U\" width=\"600\" height=\"338\" frameborder=\"0\" marginwidth=\"0\" marginheight=\"0\" scrolling=\"no\"><\/iframe><\/div>\n<div class=\"video-shortcode\">\n<blockquote class=\"wp-embedded-content\" data-secret=\"srf8q2rdoO\">\n<p><a href=\"https:\/\/espazo.coop\/novas-do-coperativismo\/catalogo-coops-cultura\/\">Cat\u00e1logo COOPS CULTURA<\/a><\/p>\n<\/blockquote>\n<p><iframe class=\"wp-embedded-content\" sandbox=\"allow-scripts\" security=\"restricted\" style=\"position: absolute; visibility: hidden;\" title=\"\u00abCat\u00e1logo COOPS CULTURA\u00bb \u2014 Espazo Coop\" src=\"https:\/\/espazo.coop\/novas-do-coperativismo\/catalogo-coops-cultura\/embed\/#?secret=rYqWiPO2XQ#?secret=srf8q2rdoO\" data-secret=\"srf8q2rdoO\" width=\"600\" height=\"338\" frameborder=\"0\" marginwidth=\"0\" marginheight=\"0\" scrolling=\"no\"><\/iframe><\/div>\n<div class=\"video-shortcode\">\n<blockquote class=\"wp-embedded-content\" data-secret=\"MTawi7a3D9\">\n<p><a href=\"https:\/\/espazo.coop\/novas-do-coperativismo\/unha-delegacion-da-sectorial-de-cultura-de-espazocoop-asiste-aos-eventos-de-cultsos\/\">Unha delegaci\u00f3n da Sectorial de Cultura de EspazoCoop asistiu aos Eventos de CULTSOS<\/a><\/p>\n<\/blockquote>\n<p><iframe class=\"wp-embedded-content\" sandbox=\"allow-scripts\" security=\"restricted\" style=\"position: absolute; visibility: hidden;\" title=\"\u00abUnha delegaci\u00f3n da Sectorial de Cultura de EspazoCoop asistiu aos Eventos de CULTSOS\u00bb \u2014 Espazo Coop\" src=\"https:\/\/espazo.coop\/novas-do-coperativismo\/unha-delegacion-da-sectorial-de-cultura-de-espazocoop-asiste-aos-eventos-de-cultsos\/embed\/#?secret=1a0ZlsmIUY#?secret=MTawi7a3D9\" data-secret=\"MTawi7a3D9\" width=\"600\" height=\"338\" frameborder=\"0\" marginwidth=\"0\" marginheight=\"0\" scrolling=\"no\"><\/iframe><\/div>\n<p>&nbsp;<\/p>\n<div class=\"video-shortcode\">\n<blockquote class=\"wp-embedded-content\" data-secret=\"lRz3KIafLV\">\n<p><a href=\"https:\/\/espazo.coop\/proxectos\/proxecto-cultsos-alianza-estratexica-para-o-sector-cultural-da-economia-social\/\">CULTSOS: Alianza estrat\u00e9xica para o Sector Cultural<\/a><\/p>\n<\/blockquote>\n<p><iframe class=\"wp-embedded-content\" sandbox=\"allow-scripts\" security=\"restricted\" style=\"position: absolute; visibility: hidden;\" title=\"\u00abCULTSOS: Alianza estrat\u00e9xica para o Sector Cultural\u00bb \u2014 Espazo Coop\" src=\"https:\/\/espazo.coop\/proxectos\/proxecto-cultsos-alianza-estratexica-para-o-sector-cultural-da-economia-social\/embed\/#?secret=sLtMmH77re#?secret=lRz3KIafLV\" data-secret=\"lRz3KIafLV\" width=\"600\" height=\"338\" frameborder=\"0\" marginwidth=\"0\" marginheight=\"0\" scrolling=\"no\"><\/iframe><\/div>\n<div class=\"video-shortcode\">\n<blockquote class=\"wp-embedded-content\" data-secret=\"hHsHUy9FHE\">\n<p><a href=\"https:\/\/espazo.coop\/novas-do-coperativismo\/a-economia-social-amosa-no-culturgal-a-sua-aposta-por-unha-cultura-socialmente-responsable\/\">A econom\u00eda social amosa no CULTURGAL a s\u00faa aposta por unha cultura socialmente responsable<\/a><\/p>\n<\/blockquote>\n<p><iframe class=\"wp-embedded-content\" sandbox=\"allow-scripts\" security=\"restricted\" style=\"position: absolute; visibility: hidden;\" title=\"\u00abA econom\u00eda social amosa no CULTURGAL a s\u00faa aposta por unha cultura socialmente responsable\u00bb \u2014 Espazo Coop\" src=\"https:\/\/espazo.coop\/novas-do-coperativismo\/a-economia-social-amosa-no-culturgal-a-sua-aposta-por-unha-cultura-socialmente-responsable\/embed\/#?secret=mjpNjMb30V#?secret=hHsHUy9FHE\" data-secret=\"hHsHUy9FHE\" width=\"600\" height=\"338\" frameborder=\"0\" marginwidth=\"0\" marginheight=\"0\" scrolling=\"no\"><\/iframe><\/div>\n<hr \/>\n<h1><strong>Sectorial de Asesor\u00edas e Consultoras<\/strong><\/h1>\n<div class=\"video-shortcode\">\n<blockquote class=\"wp-embedded-content\" data-secret=\"pDjAxNwdGy\">\n<p><a href=\"https:\/\/espazo.coop\/recursos\/biblioteca\/catalogo-coops-asesora\/\">Cat\u00e1logo COOPS ASESORA<\/a><\/p>\n<\/blockquote>\n<p><iframe class=\"wp-embedded-content\" sandbox=\"allow-scripts\" security=\"restricted\" style=\"position: absolute; visibility: hidden;\" title=\"\u00abCat\u00e1logo COOPS ASESORA\u00bb \u2014 Espazo Coop\" src=\"https:\/\/espazo.coop\/recursos\/biblioteca\/catalogo-coops-asesora\/embed\/#?secret=ahaIW6CsKJ#?secret=pDjAxNwdGy\" data-secret=\"pDjAxNwdGy\" width=\"600\" height=\"338\" frameborder=\"0\" marginwidth=\"0\" marginheight=\"0\" scrolling=\"no\"><\/iframe><\/div>\n<div class=\"video-shortcode\">\n<blockquote class=\"wp-embedded-content\" data-secret=\"IRogq49QVW\">\n<p><a href=\"https:\/\/espazo.coop\/novas-do-coperativismo\/43900\/\">A Sectorial de Asesor\u00edas e Consultoras actualiza a marca en asesor\u00eda cooperativa EXPERTCOOP<\/a><\/p>\n<\/blockquote>\n<p><iframe class=\"wp-embedded-content\" sandbox=\"allow-scripts\" security=\"restricted\" style=\"position: absolute; visibility: hidden;\" title=\"\u00abA Sectorial de Asesor\u00edas e Consultoras actualiza a marca en asesor\u00eda cooperativa EXPERTCOOP\u00bb \u2014 Espazo Coop\" src=\"https:\/\/espazo.coop\/novas-do-coperativismo\/43900\/embed\/#?secret=BDrRRB7wct#?secret=IRogq49QVW\" data-secret=\"IRogq49QVW\" width=\"600\" height=\"338\" frameborder=\"0\" marginwidth=\"0\" marginheight=\"0\" scrolling=\"no\"><\/iframe><\/div>\n<div class=\"video-shortcode\">\n<blockquote class=\"wp-embedded-content\" data-secret=\"yuUq2M7Ui6\">\n<p><a href=\"https:\/\/espazo.coop\/novas-do-coperativismo\/a-sectorial-asesorias-e-consultorias-de-espazocoop\/\">Agruparse sectorialmente, unha forma de colaboraci\u00f3n: Asesor\u00edas e Consultoras<\/a><\/p>\n<\/blockquote>\n<p><iframe class=\"wp-embedded-content\" sandbox=\"allow-scripts\" security=\"restricted\" style=\"position: absolute; visibility: hidden;\" title=\"\u00abAgruparse sectorialmente, unha forma de colaboraci\u00f3n: Asesor\u00edas e Consultoras\u00bb \u2014 Espazo Coop\" src=\"https:\/\/espazo.coop\/novas-do-coperativismo\/a-sectorial-asesorias-e-consultorias-de-espazocoop\/embed\/#?secret=A9vVF1BiQC#?secret=yuUq2M7Ui6\" data-secret=\"yuUq2M7Ui6\" width=\"600\" height=\"338\" frameborder=\"0\" marginwidth=\"0\" marginheight=\"0\" scrolling=\"no\"><\/iframe><\/div>\n<div class=\"video-shortcode\">\n<blockquote class=\"wp-embedded-content\" data-secret=\"MiHTfsVLpc\">\n<p><a href=\"https:\/\/espazo.coop\/rede-eusumo\/expertcoop-asesoramento-experto-para-cooperativas\/\">ExpertCoop -asesoramento experto para cooperativas-<\/a><\/p>\n<\/blockquote>\n<p><iframe class=\"wp-embedded-content\" sandbox=\"allow-scripts\" security=\"restricted\" style=\"position: absolute; visibility: hidden;\" title=\"\u00abExpertCoop -asesoramento experto para cooperativas-\u00bb \u2014 Espazo Coop\" src=\"https:\/\/espazo.coop\/rede-eusumo\/expertcoop-asesoramento-experto-para-cooperativas\/embed\/#?secret=nvtTQ4RyJp#?secret=MiHTfsVLpc\" data-secret=\"MiHTfsVLpc\" width=\"600\" height=\"338\" frameborder=\"0\" marginwidth=\"0\" marginheight=\"0\" scrolling=\"no\"><\/iframe><\/div>\n<p>&nbsp;<\/p>\n<\/div><div class=\"fusion-clearfix\"><\/div><\/div><\/div><\/div><\/div><div class=\"fusion-fullwidth fullwidth-box fusion-builder-row-2 fusion-flex-container nonhundred-percent-fullwidth non-hundred-percent-height-scrolling\" style=\"--awb-border-radius-top-left:0px;--awb-border-radius-top-right:0px;--awb-border-radius-bottom-right:0px;--awb-border-radius-bottom-left:0px;--awb-flex-wrap:wrap;\" ><\/div><\/p>\n","protected":false},"excerpt":{"rendered":"","protected":false},"author":1,"featured_media":0,"parent":1801,"menu_order":4,"comment_status":"closed","ping_status":"closed","template":"","meta":{"footnotes":""},"class_list":["post-1825","page","type-page","status-publish","hentry"],"jetpack_shortlink":"https:\/\/wp.me\/P8lGby-tr","jetpack_sharing_enabled":true,"_links":{"self":[{"href":"https:\/\/espazo.coop\/es\/wp-json\/wp\/v2\/pages\/1825","targetHints":{"allow":["GET"]}}],"collection":[{"href":"https:\/\/espazo.coop\/es\/wp-json\/wp\/v2\/pages"}],"about":[{"href":"https:\/\/espazo.coop\/es\/wp-json\/wp\/v2\/types\/page"}],"author":[{"embeddable":true,"href":"https:\/\/espazo.coop\/es\/wp-json\/wp\/v2\/users\/1"}],"replies":[{"embeddable":true,"href":"https:\/\/espazo.coop\/es\/wp-json\/wp\/v2\/comments?post=1825"}],"version-history":[{"count":7,"href":"https:\/\/espazo.coop\/es\/wp-json\/wp\/v2\/pages\/1825\/revisions"}],"predecessor-version":[{"id":47898,"href":"https:\/\/espazo.coop\/es\/wp-json\/wp\/v2\/pages\/1825\/revisions\/47898"}],"up":[{"embeddable":true,"href":"https:\/\/espazo.coop\/es\/wp-json\/wp\/v2\/pages\/1801"}],"wp:attachment":[{"href":"https:\/\/espazo.coop\/es\/wp-json\/wp\/v2\/media?parent=1825"}],"curies":[{"name":"wp","href":"https:\/\/api.w.org\/{rel}","templated":true}]}}