{"id":1820,"date":"2011-12-30T07:41:43","date_gmt":"2011-12-30T07:41:43","guid":{"rendered":"https:\/\/espazo.coop\/la-uni%c3%b3n\/organigrama\/"},"modified":"2025-10-22T11:07:36","modified_gmt":"2025-10-22T09:07:36","slug":"organigrama","status":"publish","type":"page","link":"https:\/\/espazo.coop\/es\/la-union\/organigrama\/","title":{"rendered":"Organigrama"},"content":{"rendered":"<h1><span style=\"color: #34b7c4;\"><strong>O organigrama que estrutura EspazoCoop<\/strong><\/span><\/h1>\n<hr \/>\n<h2><img decoding=\"async\" class=\"alignright wp-image-42901 size-fusion-400\" src=\"https:\/\/espazo.coop\/wp-content\/uploads\/2024\/08\/Aula-virtualCharlasXoves-Coop3-400x375.jpg\" alt=\"\" width=\"400\" height=\"375\" srcset=\"https:\/\/espazo.coop\/wp-content\/uploads\/2024\/08\/Aula-virtualCharlasXoves-Coop3-80x75.jpg 80w, https:\/\/espazo.coop\/wp-content\/uploads\/2024\/08\/Aula-virtualCharlasXoves-Coop3-200x188.jpg 200w, https:\/\/espazo.coop\/wp-content\/uploads\/2024\/08\/Aula-virtualCharlasXoves-Coop3-300x281.jpg 300w, https:\/\/espazo.coop\/wp-content\/uploads\/2024\/08\/Aula-virtualCharlasXoves-Coop3-400x375.jpg 400w, https:\/\/espazo.coop\/wp-content\/uploads\/2024\/08\/Aula-virtualCharlasXoves-Coop3-600x563.jpg 600w, https:\/\/espazo.coop\/wp-content\/uploads\/2024\/08\/Aula-virtualCharlasXoves-Coop3-669x627.jpg 669w, https:\/\/espazo.coop\/wp-content\/uploads\/2024\/08\/Aula-virtualCharlasXoves-Coop3-700x656.jpg 700w, https:\/\/espazo.coop\/wp-content\/uploads\/2024\/08\/Aula-virtualCharlasXoves-Coop3-800x750.jpg 800w, https:\/\/espazo.coop\/wp-content\/uploads\/2024\/08\/Aula-virtualCharlasXoves-Coop3.jpg 1122w\" sizes=\"(max-width: 400px) 100vw, 400px\" \/><\/h2>\n<h2><\/h2>\n<h2><strong>A Uni\u00f3n de Cooperativas EspazoCoop ten a mesma estrutura pol\u00edtica e de toma de decisi\u00f3ns que as empresas cooperativas.<\/strong><\/h2>\n<p>Como \u00f3rgano de representaci\u00f3n e decisi\u00f3n est\u00e1 a <strong>asemblea de socias<\/strong> composta polas cooperativas da Uni\u00f3n. Esta asemblea conv\u00f3case anualmente para aprobar as contas e a xesti\u00f3n da actividade, os orzamentos e o plan de traballo que se pretende levar a cabo, entre outros temas.<\/p>\n<p>A asemblea delega as responsabilidades de goberno nun <strong>consello reitor<\/strong>\u00a0elixido polas socias, a s\u00faa vez, conta coa colaboraci\u00f3n dun <strong>equipo t\u00e9cnico<\/strong> formado por nove persoas que desenvolven as distintas li\u00f1as de traballo acordadas.<\/p>\n<p>Dentro da Uni\u00f3n tam\u00e9n existen varias <strong>sectoriais <\/strong>que agrupan cooperativas que comparten sector de actividade, conformando grupos de colaboraci\u00f3n e intercooperaci\u00f3n.<\/p>\n<p>&nbsp;<\/p>\n<h1><strong>Asemblea de cooperativas socias<\/strong><\/h1>\n<p>A Asemblea \u00e9 a reuni\u00f3n das representantes de cada unha das cooperativas asociadas para deliberar sobre a pol\u00edtica xeral da Uni\u00f3n e tomar acordos sobre aqueles asuntos que, en virtude da Lei de Cooperativas de Galicia e dos Estatutos de EspazoCoop sexan da s\u00faa competencia. \u00c9, polo tanto, \u00e9 o \u00f3rgano supremo de expresi\u00f3n da vontade social.<\/p>\n<div class=\"video-shortcode\"><iframe title=\"Asemblea EspazoCoop 2023\" src=\"https:\/\/player.vimeo.com\/video\/849122459?dnt=1&amp;app_id=122963\" width=\"1100\" height=\"619\" frameborder=\"0\" allow=\"autoplay; fullscreen; picture-in-picture; clipboard-write; encrypted-media; web-share\" referrerpolicy=\"strict-origin-when-cross-origin\"><\/iframe><\/div>\n<p>&nbsp;<\/p>\n<h1><strong>Consello reitor<\/strong><\/h1>\n<p><img decoding=\"async\" class=\"wp-image-42887 size-fusion-400 alignright\" src=\"https:\/\/espazo.coop\/wp-content\/uploads\/2024\/08\/admin-ajax-400x267.jpg\" alt=\"\" width=\"400\" height=\"267\" srcset=\"https:\/\/espazo.coop\/wp-content\/uploads\/2024\/08\/admin-ajax-80x53.jpg 80w, https:\/\/espazo.coop\/wp-content\/uploads\/2024\/08\/admin-ajax-200x133.jpg 200w, https:\/\/espazo.coop\/wp-content\/uploads\/2024\/08\/admin-ajax-300x200.jpg 300w, https:\/\/espazo.coop\/wp-content\/uploads\/2024\/08\/admin-ajax-400x267.jpg 400w, https:\/\/espazo.coop\/wp-content\/uploads\/2024\/08\/admin-ajax.jpg 600w\" sizes=\"(max-width: 400px) 100vw, 400px\" \/><\/p>\n<p>O consello reitor \u00e9 o \u00f3rgano de goberno de EspazoCoop. Est\u00e1 formado por un equipo de persoas pertencentes a cooperativas socias, elixidas en Asemblea polas asociadas, ren\u00f3vase simultaneamente cada catro anos, podendo ser reelixidas por un m\u00e1ximo de dous mandatos para o mesmo cargo.<\/p>\n<p><strong>Presidencia | <\/strong>Abeluria s. coop. galega &#8211; Ana Olveira Blanco<\/p>\n<p><strong>Vicepresidencia | <\/strong>Adigna s. coop. galega (Colexio Abrente) &#8211; Miguel Anxo Filgueira Touri\u00f1o<\/p>\n<p><strong>Secretar\u00eda | <\/strong>Culturactiva s. coop. galega &#8211; Nacho Fungueiri\u00f1o Rey<\/p>\n<p><strong>Vogais | <\/strong>Algalia s. coop. galega &#8211; Celso G\u00e1ndara| En\u00e9rxica s. coop. galega &#8211; Pilar Lozano | Urdime s. coop. galega &#8211; Mar\u00eda Emilia Candal Bouzas | Nosa Enerx\u00eda s. coop. galega &#8211; Jos\u00e9 Antonio Eiras Vila | Colexio Possumus s. coop. galega &#8211; Jos\u00e9 Carlos Freire Castroseiros | Al\u00e9n s. coop. galega &#8211; Claudia Rodr\u00edguez<\/p>\n<p>&nbsp;<\/p>\n<h1><strong>As persoas que integran o consello reitor<\/strong><\/h1>\n<table border=\"1\" width=\"100%\" cellspacing=\"0\" cellpadding=\"4\">\n<tbody>\n<tr valign=\"TOP\">\n<td width=\"50%\">\n<ul>\n<li><strong>Ana Olveira Blanco | Presidencia <\/strong>Licenciada en Relaci\u00f3ns Laborais. \u00c9 socia fundadora da cooperativa Abeluria. Investigadora do sector da econom\u00eda social. Traballou como t\u00e9cnica na Rede Eusumo (rede de fomento do cooperativismo e a econom\u00eda social en Galicia).\u00a0 Anteriormente foi socia de 7H Cooperativa Cultural, xerenta en Sonaxe s. coop. galega e tam\u00e9n estivo vinculada \u00e1 Asociaci\u00f3n de Consumidoras de Galicia.<\/li>\n<\/ul>\n<\/td>\n<td width=\"50%\">\n<ul>\n<li><strong>Claudia Rodr\u00edguez | Vogal | <\/strong>Socia de Al\u00e9n, s. coop. galega. Enxe\u00f1eira qu\u00edmica cun mestrado en negocios europeos e especializada en sustentabilidade. Conta con experiencia nacional e internacional en planificaci\u00f3n financeira e comercial, especializ\u00e1ndose en desenvolvemento de negocio e an\u00e1lise para toma de decisions. Cunha forte orientaci\u00f3n a resultados e negocios, \u00e9 responsable de xesti\u00f3n e anal\u00edtica.<\/li>\n<\/ul>\n<\/td>\n<\/tr>\n<tr valign=\"TOP\">\n<td width=\"50%\">\n<ul>\n<li><strong>Miguel Anxo Filgueira Touri\u00f1o | Vicepresidencia | <\/strong>Diplomado en Maxisterio. \u00c9 socio fundador do Colexio Abrente s. coop. galega. Foi presidente e membro do consello reitor da Uni\u00f3n de Cooperativas de Ensino de Traballo Asociado de Galicia (Ucetag). Tam\u00e9n estivo no consello da Federaci\u00f3n de Cooperativas Sinerxia.<\/li>\n<\/ul>\n<\/td>\n<td width=\"50%\">\n<ul>\n<li><strong>Jos\u00e9 Antonio Eiras Vila | Vogal | <\/strong>Administrativo e socio de Nosa Enerx\u00eda s. coop. galega. \u00c9 Enxe\u00f1eiro de Minas.<\/li>\n<\/ul>\n<\/td>\n<\/tr>\n<tr valign=\"TOP\">\n<td width=\"50%\">\n<ul>\n<li><strong>Nacho Fungueiri\u00f1o Rey | Secretar\u00eda | <\/strong>Xestor Cultural. Socio traballador de Culturactiva S. Coop. Galega.<\/li>\n<\/ul>\n<\/td>\n<td width=\"50%\">\n<ul>\n<li><strong>Mar\u00eda Emilia Candal Bouzas | Vogal | <\/strong>Xestora Cultural. \u00c9 socia de Urdime s. coop. galega.<\/li>\n<\/ul>\n<\/td>\n<\/tr>\n<tr valign=\"TOP\">\n<td width=\"50%\">\n<ul>\n<li><strong>Pilar Lozano | Vogal | <\/strong>Responsable de Administraci\u00f3n e socia traballadora de En\u00e9rxica s. coop. galega.<\/li>\n<\/ul>\n<\/td>\n<td width=\"50%\">\n<ul>\n<li><strong>Jos\u00e9 Carlos Freire Castroseiros | Vogal | <\/strong>Socio do Colexio Possumus s. coop. galega, onde traballa como docente.<\/li>\n<\/ul>\n<\/td>\n<\/tr>\n<tr valign=\"TOP\">\n<td width=\"50%\">\n<ul>\n<li><strong>Celso G\u00e1ndara | Vogal | <\/strong>Xerente e socio en Algalia s. coop. galega.<\/li>\n<\/ul>\n<\/td>\n<td width=\"50%\"><\/td>\n<\/tr>\n<\/tbody>\n<\/table>\n<p>&nbsp;<\/p>\n<h1><span style=\"color: #34b7c4;\"><strong>Equipo t\u00e9cnico<\/strong><\/span><\/h1>\n<hr \/>\n<h2><strong>Na Uni\u00f3n de Cooperativas Galegas EspazoCoop contamos cun equipo t\u00e9cnico no seguinte horario de atenci\u00f3n ao p\u00fablico: <\/strong><strong>luns a xoves de 8.30 a 16.30 h., e venres de 8.30 a 15.30 h.<\/strong><\/h2>\n<p>O equipo est\u00e1 formado polas seguintes persoas:<\/p>\n<table border=\"1\" width=\"100%\" cellspacing=\"0\" cellpadding=\"4\">\n<tbody>\n<tr valign=\"TOP\">\n<td width=\"50%\"><strong>Luc\u00eda Mendoza Fern\u00e1ndez<\/strong><\/p>\n<p><strong>Directora Xerente<\/strong><\/p>\n<p>+34 981 57 55 78 | <a href=\"&#x6d;&#x61;&#x69;&#x6c;&#116;&#111;&#58;&#108;uci&#x61;&#x40;&#x65;&#x73;&#x70;&#97;&#122;&#111;&#46;co&#x6f;&#x70;\">l&#117;&#99;&#x69;&#x61;&#64;e&#115;&#112;&#x61;&#x7a;o&#46;&#99;&#111;&#x6f;&#x70;<\/a><\/td>\n<td width=\"50%\"><strong>Mar Pernas M\u00e1rquez<\/strong><\/p>\n<p><strong>Relaci\u00f3ns institucionais <\/strong><\/p>\n<p>+34 981 57 55 78 | <a href=\"&#109;&#x61;&#105;&#x6c;&#116;&#x6f;&#58;&#x6d;&#97;&#x72;&#64;&#x65;&#115;&#x70;&#97;&#x7a;&#111;&#x2e;&#99;&#x6f;&#111;&#x70;\">m&#97;&#x72;&#x40;&#x65;s&#112;&#97;&#x7a;&#x6f;&#46;&#99;&#111;&#x6f;&#x70;<\/a><\/td>\n<\/tr>\n<tr valign=\"TOP\">\n<td width=\"50%\"><strong>Rosa \u00c1lvarez Bern\u00e1rdez<\/strong><\/p>\n<p><strong>\u00c1rea de atenci\u00f3n a cooperativas<\/strong><\/p>\n<p>+ 34 981 57 55 78 | <a href=\"&#x6d;&#x61;&#105;&#108;&#116;o&#x3a;&#x72;&#x6f;&#115;&#97;&#64;e&#x73;&#x70;&#x61;&#122;&#111;&#46;&#x63;&#x6f;&#x6f;&#112;\">&#x72;&#111;s&#x61;&#x40;&#101;s&#x70;&#x61;&#122;o&#x2e;&#x63;&#111;o&#x70;<\/a><\/td>\n<td width=\"50%\"><strong>Patane Garc\u00eda M\u00e9ndez<br \/>\n<\/strong><strong>\u00c1rea de atenci\u00f3n a cooperativas<\/strong>+ 34 881 887 456 | <a href=\"&#x6d;&#97;&#x69;&#108;t&#x6f;&#58;p&#x61;&#116;&#x61;&#x6e;e&#x40;&#101;s&#x70;&#97;&#x7a;&#x6f;&#46;&#x63;&#111;o&#x70;\">&#x70;&#97;&#x74;&#x61;&#110;&#x65;&#64;e&#x73;&#112;a&#x7a;&#111;&#46;&#x63;&#111;o&#x70;<\/a><\/td>\n<\/tr>\n<tr valign=\"TOP\">\n<td width=\"50%\"><strong>Teresa Balado Barciela<\/strong><\/p>\n<p><strong>\u00c1rea de atenci\u00f3n a cooperativas<\/strong><\/p>\n<p>+ 34 986 866 149 | <a href=\"&#109;a&#105;l&#116;o&#x3a;t&#x65;r&#x65;s&#x61;&#64;&#x65;s&#x70;a&#x7a;o&#x2e;c&#x6f;o&#x70;\">&#x74;&#101;r&#x65;&#115;a&#x40;&#101;s&#x70;&#97;z&#x6f;&#46;c&#x6f;&#x6f;p<\/a><\/td>\n<td width=\"50%\"><strong>Ram\u00f3n Carmelo Rodr\u00edguez Pad\u00edn<\/strong><\/p>\n<p><strong>\u00c1rea de atenci\u00f3n a cooperativas<\/strong><\/p>\n<p>+ 34 986 866 149 | <a href=\"&#x6d;&#x61;&#105;l&#x74;&#x6f;&#x3a;&#114;a&#x6d;&#x6f;&#x6e;&#64;e&#x73;&#x70;&#x61;&#122;o&#x2e;&#x63;&#x6f;&#111;p\">&#x72;a&#x6d;&#111;&#x6e;&#64;e&#x73;p&#x61;&#122;&#x6f;&#46;c&#x6f;&#111;&#x70;<\/a><\/td>\n<\/tr>\n<tr valign=\"TOP\">\n<td width=\"50%\"><strong>Roberto Andr\u00e9s Sanmart\u00edn<\/strong><\/p>\n<p><strong>\u00c1rea de atenci\u00f3n a cooperativas<\/strong><\/p>\n<p>+ 34 986 866 149 | <a href=\"&#x6d;&#x61;&#x69;&#x6c;&#x74;&#x6f;&#x3a;&#x72;&#x6f;&#x62;&#x65;&#x72;&#x74;&#x6f;&#x40;&#x65;&#x73;&#x70;&#x61;&#x7a;&#x6f;&#x2e;&#99;&#111;&#111;&#112;\">ro&#98;&#101;&#x72;&#x74;&#x6f;&#x40;es&#112;&#97;&#x7a;&#x6f;&#x2e;&#x63;oo&#112;<\/a><\/td>\n<td width=\"50%\"><strong>Nuria Gonz\u00e1lez Rodr\u00edguez<\/strong><\/p>\n<p><strong>Comunicaci\u00f3n e atenci\u00f3n a cooperativas<\/strong><\/p>\n<p>+ 34 986 866 149 |<a href=\"&#109;&#x61;i&#108;&#x74;o&#58;&#x6e;u&#x72;&#x69;&#97;&#x40;e&#115;&#x70;a&#122;&#x6f;&#46;&#x63;&#x6f;&#111;&#x70;\"> &#x6e;u&#x72;&#105;&#x61;&#64;e&#x73;p&#x61;&#122;&#x6f;&#46;c&#x6f;&#111;&#x70;<\/a><\/td>\n<\/tr>\n<tr valign=\"TOP\">\n<td width=\"50%\"><strong>\u00c1ngeles Barreiro Vilas<\/strong><\/p>\n<p><strong>\u00c1rea econ\u00f3mica e administraci\u00f3n<\/strong><\/p>\n<p>+ 34 981 57 55 78 | <a href=\"&#x6d;&#97;i&#x6c;&#116;o&#x3a;&#97;n&#x67;&#101;l&#x65;&#115;&#64;&#x65;&#x73;p&#x61;&#x7a;&#111;&#x2e;&#x63;&#111;&#x6f;&#x70;\">&#97;&#110;&#x67;e&#108;&#x65;&#x73;&#64;&#101;&#x73;&#x70;a&#122;&#x6f;&#46;&#99;&#x6f;&#x6f;p<\/a><\/td>\n<td width=\"50%\"><\/td>\n<\/tr>\n<\/tbody>\n<\/table>\n<p>&nbsp;<\/p>\n","protected":false},"excerpt":{"rendered":"<p>O organigrama que estrutura EspazoCoop A Uni\u00f3n de Cooperativas EspazoCoop ten a mesma estrutura pol\u00edtica e de toma de decisi\u00f3ns que as empresas cooperativas. Como \u00f3rgano de representaci\u00f3n e decisi\u00f3n est\u00e1 a asemblea de socias composta polas cooperativas da Uni\u00f3n. Esta asemblea conv\u00f3case anualmente para <a href=\"https:\/\/espazo.coop\/es\/la-union\/organigrama\/\"> [&#8230;]<\/a><\/p>\n","protected":false},"author":3,"featured_media":0,"parent":1801,"menu_order":3,"comment_status":"closed","ping_status":"closed","template":"","meta":{"footnotes":""},"class_list":["post-1820","page","type-page","status-publish","hentry"],"jetpack_shortlink":"https:\/\/wp.me\/P8lGby-tm","jetpack_sharing_enabled":true,"_links":{"self":[{"href":"https:\/\/espazo.coop\/es\/wp-json\/wp\/v2\/pages\/1820","targetHints":{"allow":["GET"]}}],"collection":[{"href":"https:\/\/espazo.coop\/es\/wp-json\/wp\/v2\/pages"}],"about":[{"href":"https:\/\/espazo.coop\/es\/wp-json\/wp\/v2\/types\/page"}],"author":[{"embeddable":true,"href":"https:\/\/espazo.coop\/es\/wp-json\/wp\/v2\/users\/3"}],"replies":[{"embeddable":true,"href":"https:\/\/espazo.coop\/es\/wp-json\/wp\/v2\/comments?post=1820"}],"version-history":[{"count":7,"href":"https:\/\/espazo.coop\/es\/wp-json\/wp\/v2\/pages\/1820\/revisions"}],"predecessor-version":[{"id":47810,"href":"https:\/\/espazo.coop\/es\/wp-json\/wp\/v2\/pages\/1820\/revisions\/47810"}],"up":[{"embeddable":true,"href":"https:\/\/espazo.coop\/es\/wp-json\/wp\/v2\/pages\/1801"}],"wp:attachment":[{"href":"https:\/\/espazo.coop\/es\/wp-json\/wp\/v2\/media?parent=1820"}],"curies":[{"name":"wp","href":"https:\/\/api.w.org\/{rel}","templated":true}]}}