{"id":1807,"date":"2012-02-02T12:21:14","date_gmt":"2012-02-02T11:21:14","guid":{"rendered":"https:\/\/espazo.coop\/?page_id=1807"},"modified":"2024-04-02T16:25:34","modified_gmt":"2024-04-02T14:25:34","slug":"qui%c3%a9nes-somos","status":"publish","type":"page","link":"https:\/\/espazo.coop\/es\/la-union\/qui%c3%a9nes-somos\/","title":{"rendered":"\u00bfQui\u00e9nes somos?"},"content":{"rendered":"<div class=\"fusion-fullwidth fullwidth-box fusion-builder-row-1 nonhundred-percent-fullwidth non-hundred-percent-height-scrolling\" style=\"--awb-border-radius-top-left:0px;--awb-border-radius-top-right:0px;--awb-border-radius-bottom-right:0px;--awb-border-radius-bottom-left:0px;--awb-flex-wrap:wrap;\" ><div class=\"fusion-builder-row fusion-row\"><div class=\"fusion-layout-column fusion_builder_column fusion-builder-column-0 fusion_builder_column_1_1 1_1 fusion-one-full fusion-column-first fusion-column-last\" style=\"--awb-bg-size:cover;--awb-margin-bottom:0px;\"><div class=\"fusion-column-wrapper fusion-flex-column-wrapper-legacy\"><div class=\"fusion-text fusion-text-1\"><p>MISI\u00d3N<\/p>\n<p>Somos una\u00a0entidad multisectorial de car\u00e1cter empresarial, configurada como asociaci\u00f3n sin \u00e1nimo de lucro, de \u00e1mbito gallego, integrada por cooperativas de distintas clases, inspirada en los principios cooperativos y sus valores y que tiene como objetivo, agrupar, representar, impulsar, fomentar la intercooperaci\u00f3n y defender los intereses de sus cooperativas socias y de las personas que las constituyen, as\u00ed como la divulgaci\u00f3n, fomento y consolidaci\u00f3n del cooperativismo, como herramienta de desarrollo socioecon\u00f3mico, en el marco de la econom\u00eda social y solidaria.<\/p>\n<p>VISI\u00d3N<\/p>\n<p>EspazoCoop aspira a ser una entidad de referencia en el \u00e1mbito del cooperativismo gallego, en el marco de la econom\u00eda social y solidaria, con vocaci\u00f3n de influencia en la sociedad y de transformaci\u00f3n social, consolidando los valores y principios cooperativos y colaborando en la consecuci\u00f3n de una econom\u00eda basada en la primac\u00eda de las personas, el desarrollo sostenible y la responsabilidad social.<\/p>\n<p>&nbsp;<\/p>\n<p>VALORES<\/p>\n<p>A uni\u00f3n de cooperativas ten como referencia e marco de funcionamento os seguintes principios e valores compartidos, que forman parte da s\u00faa cultura e identidade:<\/p>\n<ul>\n<li>Aberta e non discriminatoria.<\/li>\n<li>Autonom\u00eda e independencia.<\/li>\n<li>Proactividade e participaci\u00f3n.<\/li>\n<li>Interese pola comunidade, responsabilidade social e sustentabilidade.<\/li>\n<li>Solidariedade, cooperaci\u00f3n, axuda mutua, traballo digno e en equipo, colaboraci\u00f3n e intercooperaci\u00f3n.<\/li>\n<li>Empat\u00eda coas persoas e entidades usuarias, cercan\u00eda e proximidade.<\/li>\n<li>Franqueza, honestidade, transparencia e xesti\u00f3n \u00e9tica.<\/li>\n<li>Innovaci\u00f3n, mellora continua e excelencia.<\/li>\n<li>Autoestima.<\/li>\n<li>Formaci\u00f3n continua.<\/li>\n<li>Igualdade de x\u00e9nero.<\/li>\n<li>Defensa da cultura e da lingua galega.<\/li>\n<\/ul>\n<p>&nbsp;<\/p>\n<p>&nbsp;<\/p>\n<\/div><div class=\"fusion-clearfix\"><\/div><\/div><\/div><\/div><\/div>\n","protected":false},"excerpt":{"rendered":"","protected":false},"author":1,"featured_media":0,"parent":1801,"menu_order":0,"comment_status":"open","ping_status":"closed","template":"","meta":{"footnotes":""},"class_list":["post-1807","page","type-page","status-publish","hentry"],"jetpack_shortlink":"https:\/\/wp.me\/P8lGby-t9","jetpack_sharing_enabled":true,"_links":{"self":[{"href":"https:\/\/espazo.coop\/es\/wp-json\/wp\/v2\/pages\/1807","targetHints":{"allow":["GET"]}}],"collection":[{"href":"https:\/\/espazo.coop\/es\/wp-json\/wp\/v2\/pages"}],"about":[{"href":"https:\/\/espazo.coop\/es\/wp-json\/wp\/v2\/types\/page"}],"author":[{"embeddable":true,"href":"https:\/\/espazo.coop\/es\/wp-json\/wp\/v2\/users\/1"}],"replies":[{"embeddable":true,"href":"https:\/\/espazo.coop\/es\/wp-json\/wp\/v2\/comments?post=1807"}],"version-history":[{"count":5,"href":"https:\/\/espazo.coop\/es\/wp-json\/wp\/v2\/pages\/1807\/revisions"}],"predecessor-version":[{"id":41132,"href":"https:\/\/espazo.coop\/es\/wp-json\/wp\/v2\/pages\/1807\/revisions\/41132"}],"up":[{"embeddable":true,"href":"https:\/\/espazo.coop\/es\/wp-json\/wp\/v2\/pages\/1801"}],"wp:attachment":[{"href":"https:\/\/espazo.coop\/es\/wp-json\/wp\/v2\/media?parent=1807"}],"curies":[{"name":"wp","href":"https:\/\/api.w.org\/{rel}","templated":true}]}}