{"id":13763,"date":"2016-01-13T17:57:08","date_gmt":"2016-01-13T16:57:08","guid":{"rendered":"https:\/\/espazo.coop\/es\/?page_id=13763"},"modified":"2017-02-02T18:30:58","modified_gmt":"2017-02-02T17:30:58","slug":"modelos","status":"publish","type":"page","link":"https:\/\/espazo.coop\/es\/recursos-ugacota-2\/modelos\/","title":{"rendered":"Modelos"},"content":{"rendered":"<div class=\"fusion-fullwidth fullwidth-box fusion-builder-row-1 nonhundred-percent-fullwidth non-hundred-percent-height-scrolling\" style=\"--awb-border-radius-top-left:0px;--awb-border-radius-top-right:0px;--awb-border-radius-bottom-right:0px;--awb-border-radius-bottom-left:0px;--awb-flex-wrap:wrap;\" ><div class=\"fusion-builder-row fusion-row\"><div class=\"fusion-layout-column fusion_builder_column fusion-builder-column-0 fusion_builder_column_1_1 1_1 fusion-one-full fusion-column-first fusion-column-last\" style=\"--awb-bg-size:cover;--awb-margin-bottom:0px;\"><div class=\"fusion-column-wrapper fusion-flex-column-wrapper-legacy\"><div class=\"fusion-blog-shortcode fusion-blog-shortcode-1 fusion-blog-archive fusion-blog-layout-medium fusion-blog-infinite\"><div class=\"fusion-posts-container fusion-posts-container-infinite fusion-posts-container-load-more fusion-blog-rollover\" data-pages=\"1\"><article id=\"blog-1-post-32448\" class=\"fusion-post-medium post-32448 post type-post status-publish format-standard has-post-thumbnail hentry category-modelos-recursos-coop category-noticias-del-cooperativismo\">\n\t<style type=\"text\/css\">\n\t\t\n\t\t\n\t\t\n\t\t\n\t\t\t<\/style>\n\n\n\t\t\t<div class=\"fusion-flexslider flexslider fusion-flexslider-loading fusion-post-slideshow\" style=\"\">\n\t\t<ul class=\"slides\">\n\t\t\t\n\t\t\t\t\t\t\t\t\t\t\t\t\t\t<li><div  class=\"fusion-image-wrapper fusion-image-size-fixed\" aria-haspopup=\"true\">\n\t\t\t\t<img decoding=\"async\" width=\"202\" height=\"202\" src=\"https:\/\/espazo.coop\/wp-content\/uploads\/2021\/04\/IGUALDADE-SALARIAL-ENTRE-MULLERES-E-HOMES-1.jpg\" class=\"attachment-blog-medium size-blog-medium wp-post-image\" alt=\"\" srcset=\"https:\/\/espazo.coop\/wp-content\/uploads\/2021\/04\/IGUALDADE-SALARIAL-ENTRE-MULLERES-E-HOMES-1-80x80.jpg 80w, https:\/\/espazo.coop\/wp-content\/uploads\/2021\/04\/IGUALDADE-SALARIAL-ENTRE-MULLERES-E-HOMES-1-200x200.jpg 200w, https:\/\/espazo.coop\/wp-content\/uploads\/2021\/04\/IGUALDADE-SALARIAL-ENTRE-MULLERES-E-HOMES-1-300x300.jpg 300w, https:\/\/espazo.coop\/wp-content\/uploads\/2021\/04\/IGUALDADE-SALARIAL-ENTRE-MULLERES-E-HOMES-1-400x400.jpg 400w, https:\/\/espazo.coop\/wp-content\/uploads\/2021\/04\/IGUALDADE-SALARIAL-ENTRE-MULLERES-E-HOMES-1-600x600.jpg 600w, https:\/\/espazo.coop\/wp-content\/uploads\/2021\/04\/IGUALDADE-SALARIAL-ENTRE-MULLERES-E-HOMES-1.jpg 800w\" sizes=\"(max-width: 202px) 100vw, 202px\" \/><div class=\"fusion-rollover\">\n\t<div class=\"fusion-rollover-content\">\n\n\t\t\t\t\t\t\t\t\t\t\t\t\t\t<a class=\"fusion-rollover-link\" href=\"https:\/\/espazo.coop\/es\/noticias-del-cooperativismo\/el-registro-retributivo-obligatorio-desde-abril\/\">El registro retributivo, obligatorio desde abril<\/a>\n\t\t\t\n\t\t\t\t\t\t\t\t\t\t\t\t\t\t\n\t\t\t\t\t\t\t\t\n\t\t\t\t\t\t\t\t\t\t\t\t\t<div class=\"fusion-rollover-sep\"><\/div>\n\t\t\t\t\n\t\t\t\t\t\t\t\t\t\t\t\t\t\t\t\t\t\t<a class=\"fusion-rollover-gallery\" href=\"https:\/\/espazo.coop\/wp-content\/uploads\/2021\/04\/IGUALDADE-SALARIAL-ENTRE-MULLERES-E-HOMES-1.jpg\" data-options=\"\" data-id=\"32448\" data-rel=\"iLightbox[gallery]\" data-title=\"IGUALDADE SALARIAL ENTRE MULLERES E HOMES (1)\" data-caption=\"\">\n\t\t\t\t\t\tGaler\u00eda\t\t\t\t\t<\/a>\n\t\t\t\t\t\t\t\t\t\t\t\t\t\t\n\t\t\n\t\t\t\t\t\t\t\t\t\t\t\t<h4 class=\"fusion-rollover-title\">\n\t\t\t\t\t<a class=\"fusion-rollover-title-link\" href=\"https:\/\/espazo.coop\/es\/noticias-del-cooperativismo\/el-registro-retributivo-obligatorio-desde-abril\/\">\n\t\t\t\t\t\tEl registro retributivo, obligatorio desde abril\t\t\t\t\t<\/a>\n\t\t\t\t<\/h4>\n\t\t\t\n\t\t\t\t\t\t\t\t\t\t<div class=\"fusion-rollover-categories\"><a href=\"https:\/\/espazo.coop\/es\/categoria\/recursos-coop\/modelos-recursos-coop\/\" rel=\"tag\">Modelos<\/a>, <a href=\"https:\/\/espazo.coop\/es\/categoria\/noticias-del-cooperativismo\/\" rel=\"tag\">Noticias del cooperativismo<\/a><\/div>\t\t\t\t\t\n\t\t\n\t\t\t\t\t\t<a class=\"fusion-link-wrapper\" href=\"https:\/\/espazo.coop\/es\/noticias-del-cooperativismo\/el-registro-retributivo-obligatorio-desde-abril\/\" aria-label=\"El registro retributivo, obligatorio desde abril\"><\/a>\n\t<\/div>\n<\/div>\n<\/div>\n<\/li>\n\t\t\t\n\t\t\t\n\t\t\t\t\t\t\t\t\t\t\t\t\t\t\t\t\t\t\t\t\t\t\t\t\t\t\t\t\t\t\t\t\t\t\t\t\t\t\t\t\t\t\t\t\t\t\t\t\t\t\t\t\t\t\t\t\t\t\t\t\t\t\t\t\t\t\t\t<\/ul>\n\t<\/div>\n\t<div class=\"fusion-post-content post-content\"><h2 class=\"blog-shortcode-post-title entry-title\"><a href=\"https:\/\/espazo.coop\/es\/noticias-del-cooperativismo\/el-registro-retributivo-obligatorio-desde-abril\/\">El registro retributivo, obligatorio desde abril<\/a><\/h2><div class=\"fusion-post-content-container\"><p>Registro de remuneraci\u00f3n, obligatorio desde abril El gobierno estatal ha emitido un decreto con el objetivo de garantizar la equidad en la remuneraci\u00f3n salarial entre mujeres y hombres . Se trata del Real Decreto 902\/2020<a href=\"https:\/\/espazo.coop\/es\/noticias-del-cooperativismo\/el-registro-retributivo-obligatorio-desde-abril\/\"> [...]<\/a><\/p><\/div><\/div><div class=\"fusion-clearfix\"><\/div><div class=\"fusion-meta-info\"><div class=\"fusion-alignleft\"><span class=\"vcard\" style=\"display: none;\"><span class=\"fn\"><a href=\"https:\/\/espazo.coop\/es\/author\/nuria\/\" title=\"Entradas de Nuria\" rel=\"author\">Nuria<\/a><\/span><\/span><span class=\"updated\" style=\"display:none;\">2021-04-27T13:43:11+02:00<\/span><span>27\/04\/2021<\/span><span class=\"fusion-inline-sep\">|<\/span>Categories: <a href=\"https:\/\/espazo.coop\/es\/categoria\/recursos-coop\/modelos-recursos-coop\/\" rel=\"category tag\">Modelos<\/a>, <a href=\"https:\/\/espazo.coop\/es\/categoria\/noticias-del-cooperativismo\/\" rel=\"category tag\">Noticias del cooperativismo<\/a><span class=\"fusion-inline-sep\">|<\/span><span class=\"fusion-comments\"><span>Comentarios desactivados<span class=\"screen-reader-text\"> en El registro retributivo, obligatorio desde abril<\/span><\/span><\/span><\/div><div class=\"fusion-alignright\"><a class=\"fusion-read-more\" href=\"https:\/\/espazo.coop\/es\/noticias-del-cooperativismo\/el-registro-retributivo-obligatorio-desde-abril\/\" aria-label=\"More on El registro retributivo, obligatorio desde abril\">Read More<\/a><\/div><\/div><\/article>\n<article id=\"blog-1-post-31174\" class=\"fusion-post-medium post-31174 post type-post status-publish format-standard has-post-thumbnail hentry category-biblioteca-coop category-espazocoop category-manuales category-modelos-recursos-coop category-noticias-del-cooperativismo\">\n\t<style type=\"text\/css\">\n\t\t\n\t\t\n\t\t\n\t\t\n\t\t\t<\/style>\n\n\n\t\t\t<div class=\"fusion-flexslider flexslider fusion-flexslider-loading fusion-post-slideshow\" style=\"\">\n\t\t<ul class=\"slides\">\n\t\t\t\n\t\t\t\t\t\t\t\t\t\t\t\t\t\t<li><div  class=\"fusion-image-wrapper fusion-image-size-fixed\" aria-haspopup=\"true\">\n\t\t\t\t<img decoding=\"async\" width=\"229\" height=\"202\" src=\"https:\/\/espazo.coop\/wp-content\/uploads\/2020\/12\/CARATULX.png\" class=\"attachment-blog-medium size-blog-medium wp-post-image\" alt=\"\" srcset=\"https:\/\/espazo.coop\/wp-content\/uploads\/2020\/12\/CARATULX-80x71.png 80w, https:\/\/espazo.coop\/wp-content\/uploads\/2020\/12\/CARATULX-200x176.png 200w, https:\/\/espazo.coop\/wp-content\/uploads\/2020\/12\/CARATULX-300x265.png 300w, https:\/\/espazo.coop\/wp-content\/uploads\/2020\/12\/CARATULX-400x353.png 400w, https:\/\/espazo.coop\/wp-content\/uploads\/2020\/12\/CARATULX.png 442w\" sizes=\"(max-width: 229px) 100vw, 229px\" \/><div class=\"fusion-rollover\">\n\t<div class=\"fusion-rollover-content\">\n\n\t\t\t\t\t\t\t\t\t\t\t\t\t\t<a class=\"fusion-rollover-link\" href=\"https:\/\/espazo.coop\/es\/espazocoop\/guia-de-modelos-de-gestion-societaria-en-cooperativas\/\">Gu\u00eda de modelos de gesti\u00f3n societaria en cooperativas<\/a>\n\t\t\t\n\t\t\t\t\t\t\t\t\t\t\t\t\t\t\n\t\t\t\t\t\t\t\t\n\t\t\t\t\t\t\t\t\t\t\t\t\t<div class=\"fusion-rollover-sep\"><\/div>\n\t\t\t\t\n\t\t\t\t\t\t\t\t\t\t\t\t\t\t\t\t\t\t<a class=\"fusion-rollover-gallery\" href=\"https:\/\/espazo.coop\/wp-content\/uploads\/2020\/12\/CARATULX.png\" data-options=\"\" data-id=\"31174\" data-rel=\"iLightbox[gallery]\" data-title=\"CAR\u00c1TULX\" data-caption=\"\">\n\t\t\t\t\t\tGaler\u00eda\t\t\t\t\t<\/a>\n\t\t\t\t\t\t\t\t\t\t\t\t\t\t\n\t\t\n\t\t\t\t\t\t\t\t\t\t\t\t<h4 class=\"fusion-rollover-title\">\n\t\t\t\t\t<a class=\"fusion-rollover-title-link\" href=\"https:\/\/espazo.coop\/es\/espazocoop\/guia-de-modelos-de-gestion-societaria-en-cooperativas\/\">\n\t\t\t\t\t\tGu\u00eda de modelos de gesti\u00f3n societaria en cooperativas\t\t\t\t\t<\/a>\n\t\t\t\t<\/h4>\n\t\t\t\n\t\t\t\t\t\t\t\t\t\t<div class=\"fusion-rollover-categories\"><a href=\"https:\/\/espazo.coop\/es\/categoria\/recursos-coop\/biblioteca-coop\/\" rel=\"tag\">Biblioteca<\/a>, <a href=\"https:\/\/espazo.coop\/es\/categoria\/espazocoop\/\" rel=\"tag\">Espazo Coop<\/a>, <a href=\"https:\/\/espazo.coop\/es\/categoria\/recursos-coop\/manuales\/\" rel=\"tag\">Manuales<\/a>, <a href=\"https:\/\/espazo.coop\/es\/categoria\/recursos-coop\/modelos-recursos-coop\/\" rel=\"tag\">Modelos<\/a>, <a href=\"https:\/\/espazo.coop\/es\/categoria\/noticias-del-cooperativismo\/\" rel=\"tag\">Noticias del cooperativismo<\/a><\/div>\t\t\t\t\t\n\t\t\n\t\t\t\t\t\t<a class=\"fusion-link-wrapper\" href=\"https:\/\/espazo.coop\/es\/espazocoop\/guia-de-modelos-de-gestion-societaria-en-cooperativas\/\" aria-label=\"Gu\u00eda de modelos de gesti\u00f3n societaria en cooperativas\"><\/a>\n\t<\/div>\n<\/div>\n<\/div>\n<\/li>\n\t\t\t\n\t\t\t\n\t\t\t\t\t\t\t\t\t\t\t\t\t\t\t\t\t\t\t\t\t\t\t\t\t\t\t\t\t\t\t\t\t\t\t\t\t\t\t\t\t\t\t\t\t\t\t\t\t\t\t\t\t\t\t\t\t\t\t\t\t\t\t\t\t\t\t\t<\/ul>\n\t<\/div>\n\t<div class=\"fusion-post-content post-content\"><h2 class=\"blog-shortcode-post-title entry-title\"><a href=\"https:\/\/espazo.coop\/es\/espazocoop\/guia-de-modelos-de-gestion-societaria-en-cooperativas\/\">Gu\u00eda de modelos de gesti\u00f3n societaria en cooperativas<\/a><\/h2><div class=\"fusion-post-content-container\"><p>Gu\u00eda de modelos de gestion societaria en cooperativas Esta gu\u00eda es una colecci\u00f3n de distintos modelos para la gesti\u00f3n societaria en empresas cooperativas. Quiere ser una herramienta que ayude a las cooperativas a entender, documentar<a href=\"https:\/\/espazo.coop\/es\/espazocoop\/guia-de-modelos-de-gestion-societaria-en-cooperativas\/\"> [...]<\/a><\/p><\/div><\/div><div class=\"fusion-clearfix\"><\/div><div class=\"fusion-meta-info\"><div class=\"fusion-alignleft\"><span class=\"vcard\" style=\"display: none;\"><span class=\"fn\"><a href=\"https:\/\/espazo.coop\/es\/author\/nuria\/\" title=\"Entradas de Nuria\" rel=\"author\">Nuria<\/a><\/span><\/span><span class=\"updated\" style=\"display:none;\">2020-12-22T18:57:33+01:00<\/span><span>22\/12\/2020<\/span><span class=\"fusion-inline-sep\">|<\/span>Categories: <a href=\"https:\/\/espazo.coop\/es\/categoria\/recursos-coop\/biblioteca-coop\/\" rel=\"category tag\">Biblioteca<\/a>, <a href=\"https:\/\/espazo.coop\/es\/categoria\/espazocoop\/\" rel=\"category tag\">Espazo Coop<\/a>, <a href=\"https:\/\/espazo.coop\/es\/categoria\/recursos-coop\/manuales\/\" rel=\"category tag\">Manuales<\/a>, <a href=\"https:\/\/espazo.coop\/es\/categoria\/recursos-coop\/modelos-recursos-coop\/\" rel=\"category tag\">Modelos<\/a>, <a href=\"https:\/\/espazo.coop\/es\/categoria\/noticias-del-cooperativismo\/\" rel=\"category tag\">Noticias del cooperativismo<\/a><span class=\"fusion-inline-sep\">|<\/span><span class=\"fusion-comments\"><span>Comentarios desactivados<span class=\"screen-reader-text\"> en Gu\u00eda de modelos de gesti\u00f3n societaria en cooperativas<\/span><\/span><\/span><\/div><div class=\"fusion-alignright\"><a class=\"fusion-read-more\" href=\"https:\/\/espazo.coop\/es\/espazocoop\/guia-de-modelos-de-gestion-societaria-en-cooperativas\/\" aria-label=\"More on Gu\u00eda de modelos de gesti\u00f3n societaria en cooperativas\">Read More<\/a><\/div><\/div><\/article>\n<article id=\"blog-1-post-3751\" class=\"fusion-post-medium post-3751 post type-post status-publish format-standard has-post-thumbnail hentry category-biblioteca-coop category-modelos-recursos-coop category-recursos-coop\">\n\t<style type=\"text\/css\">\n\t\t\n\t\t\n\t\t\n\t\t\n\t\t\t<\/style>\n\n\n\t\t\t<div class=\"fusion-flexslider flexslider fusion-flexslider-loading fusion-post-slideshow\" style=\"\">\n\t\t<ul class=\"slides\">\n\t\t\t\n\t\t\t\t\t\t\t\t\t\t\t\t\t\t<li><div  class=\"fusion-image-wrapper fusion-image-size-fixed\" aria-haspopup=\"true\">\n\t\t\t\t<img decoding=\"async\" width=\"303\" height=\"202\" src=\"https:\/\/espazo.coop\/wp-content\/uploads\/2012\/12\/ESTATUTOS.jpg\" class=\"attachment-blog-medium size-blog-medium wp-post-image\" alt=\"\" srcset=\"https:\/\/espazo.coop\/wp-content\/uploads\/2012\/12\/ESTATUTOS-80x53.jpg 80w, https:\/\/espazo.coop\/wp-content\/uploads\/2012\/12\/ESTATUTOS-200x133.jpg 200w, https:\/\/espazo.coop\/wp-content\/uploads\/2012\/12\/ESTATUTOS-300x200.jpg 300w, https:\/\/espazo.coop\/wp-content\/uploads\/2012\/12\/ESTATUTOS-400x267.jpg 400w, https:\/\/espazo.coop\/wp-content\/uploads\/2012\/12\/ESTATUTOS-600x400.jpg 600w, https:\/\/espazo.coop\/wp-content\/uploads\/2012\/12\/ESTATUTOS-800x533.jpg 800w, https:\/\/espazo.coop\/wp-content\/uploads\/2012\/12\/ESTATUTOS.jpg 1080w\" sizes=\"(max-width: 303px) 100vw, 303px\" \/><div class=\"fusion-rollover\">\n\t<div class=\"fusion-rollover-content\">\n\n\t\t\t\t\t\t\t\t\t\t\t\t\t\t<a class=\"fusion-rollover-link\" href=\"https:\/\/espazo.coop\/es\/recursos-coop\/disponible-o-modelo-de-estatutos-para-cooperativas-de-traballo-asociado\/\">Estatutos de cooperativas de traballo asociado<\/a>\n\t\t\t\n\t\t\t\t\t\t\t\t\t\t\t\t\t\t\n\t\t\t\t\t\t\t\t\n\t\t\t\t\t\t\t\t\t\t\t\t\t<div class=\"fusion-rollover-sep\"><\/div>\n\t\t\t\t\n\t\t\t\t\t\t\t\t\t\t\t\t\t\t\t\t\t\t<a class=\"fusion-rollover-gallery\" href=\"https:\/\/espazo.coop\/wp-content\/uploads\/2012\/12\/ESTATUTOS.jpg\" data-options=\"\" data-id=\"3751\" data-rel=\"iLightbox[gallery]\" data-title=\"ESTATUTOS\" data-caption=\"\">\n\t\t\t\t\t\tGaler\u00eda\t\t\t\t\t<\/a>\n\t\t\t\t\t\t\t\t\t\t\t\t\t\t\n\t\t\n\t\t\t\t\t\t\t\t\t\t\t\t<h4 class=\"fusion-rollover-title\">\n\t\t\t\t\t<a class=\"fusion-rollover-title-link\" href=\"https:\/\/espazo.coop\/es\/recursos-coop\/disponible-o-modelo-de-estatutos-para-cooperativas-de-traballo-asociado\/\">\n\t\t\t\t\t\tEstatutos de cooperativas de traballo asociado\t\t\t\t\t<\/a>\n\t\t\t\t<\/h4>\n\t\t\t\n\t\t\t\t\t\t\t\t\t\t<div class=\"fusion-rollover-categories\"><a href=\"https:\/\/espazo.coop\/es\/categoria\/recursos-coop\/biblioteca-coop\/\" rel=\"tag\">Biblioteca<\/a>, <a href=\"https:\/\/espazo.coop\/es\/categoria\/recursos-coop\/modelos-recursos-coop\/\" rel=\"tag\">Modelos<\/a>, <a href=\"https:\/\/espazo.coop\/es\/categoria\/recursos-coop\/\" rel=\"tag\">Recursos<\/a><\/div>\t\t\t\t\t\n\t\t\n\t\t\t\t\t\t<a class=\"fusion-link-wrapper\" href=\"https:\/\/espazo.coop\/es\/recursos-coop\/disponible-o-modelo-de-estatutos-para-cooperativas-de-traballo-asociado\/\" aria-label=\"Estatutos de cooperativas de traballo asociado\"><\/a>\n\t<\/div>\n<\/div>\n<\/div>\n<\/li>\n\t\t\t\n\t\t\t\n\t\t\t\t\t\t\t\t\t\t\t\t\t\t\t\t\t\t\t\t\t\t\t\t\t\t\t\t\t\t\t\t\t\t\t\t\t\t\t\t\t\t\t\t\t\t\t\t\t\t\t\t\t\t\t\t\t\t\t\t\t\t\t\t\t\t\t\t<\/ul>\n\t<\/div>\n\t<div class=\"fusion-post-content post-content\"><h2 class=\"blog-shortcode-post-title entry-title\"><a href=\"https:\/\/espazo.coop\/es\/recursos-coop\/disponible-o-modelo-de-estatutos-para-cooperativas-de-traballo-asociado\/\">Estatutos de cooperativas de traballo asociado<\/a><\/h2><div class=\"fusion-post-content-container\"><p>Ponse ao dispor das persoas interesadas o modelo de estatutos para cooperativas de traballo asociado. Este modelo est\u00e1 adaptado \u00e1 Lei 14\/2011 que modifica a Lei 5\/1998 de Cooperativas de Galicia. O documento cont\u00e9n anotaci\u00f3ns<a href=\"https:\/\/espazo.coop\/es\/recursos-coop\/disponible-o-modelo-de-estatutos-para-cooperativas-de-traballo-asociado\/\"> [...]<\/a><\/p><\/div><\/div><div class=\"fusion-clearfix\"><\/div><div class=\"fusion-meta-info\"><div class=\"fusion-alignleft\"><span class=\"vcard\" style=\"display: none;\"><span class=\"fn\"><a href=\"https:\/\/espazo.coop\/es\/author\/patane\/\" title=\"Entradas de Patane\" rel=\"author\">Patane<\/a><\/span><\/span><span class=\"updated\" style=\"display:none;\">2024-04-09T21:43:58+02:00<\/span><span>30\/12\/2012<\/span><span class=\"fusion-inline-sep\">|<\/span>Categories: <a href=\"https:\/\/espazo.coop\/es\/categoria\/recursos-coop\/biblioteca-coop\/\" rel=\"category tag\">Biblioteca<\/a>, <a href=\"https:\/\/espazo.coop\/es\/categoria\/recursos-coop\/modelos-recursos-coop\/\" rel=\"category tag\">Modelos<\/a>, <a href=\"https:\/\/espazo.coop\/es\/categoria\/recursos-coop\/\" rel=\"category tag\">Recursos<\/a><span class=\"fusion-inline-sep\">|<\/span><span class=\"fusion-comments\"><span>Comentarios desactivados<span class=\"screen-reader-text\"> en Estatutos de cooperativas de traballo asociado<\/span><\/span><\/span><\/div><div class=\"fusion-alignright\"><a class=\"fusion-read-more\" href=\"https:\/\/espazo.coop\/es\/recursos-coop\/disponible-o-modelo-de-estatutos-para-cooperativas-de-traballo-asociado\/\" aria-label=\"More on Estatutos de cooperativas de traballo asociado\">Read More<\/a><\/div><\/div><\/article>\n<\/div><\/div><div class=\"fusion-clearfix\"><\/div><\/div><\/div><\/div><\/div>\n","protected":false},"excerpt":{"rendered":"","protected":false},"author":16,"featured_media":0,"parent":13705,"menu_order":2,"comment_status":"closed","ping_status":"closed","template":"","meta":{"footnotes":""},"class_list":["post-13763","page","type-page","status-publish","hentry"],"jetpack_shortlink":"https:\/\/wp.me\/P8lGby-3zZ","jetpack_sharing_enabled":true,"_links":{"self":[{"href":"https:\/\/espazo.coop\/es\/wp-json\/wp\/v2\/pages\/13763","targetHints":{"allow":["GET"]}}],"collection":[{"href":"https:\/\/espazo.coop\/es\/wp-json\/wp\/v2\/pages"}],"about":[{"href":"https:\/\/espazo.coop\/es\/wp-json\/wp\/v2\/types\/page"}],"author":[{"embeddable":true,"href":"https:\/\/espazo.coop\/es\/wp-json\/wp\/v2\/users\/16"}],"replies":[{"embeddable":true,"href":"https:\/\/espazo.coop\/es\/wp-json\/wp\/v2\/comments?post=13763"}],"version-history":[{"count":2,"href":"https:\/\/espazo.coop\/es\/wp-json\/wp\/v2\/pages\/13763\/revisions"}],"predecessor-version":[{"id":17109,"href":"https:\/\/espazo.coop\/es\/wp-json\/wp\/v2\/pages\/13763\/revisions\/17109"}],"up":[{"embeddable":true,"href":"https:\/\/espazo.coop\/es\/wp-json\/wp\/v2\/pages\/13705"}],"wp:attachment":[{"href":"https:\/\/espazo.coop\/es\/wp-json\/wp\/v2\/media?parent=13763"}],"curies":[{"name":"wp","href":"https:\/\/api.w.org\/{rel}","templated":true}]}}