{"id":13705,"date":"2016-01-13T00:42:18","date_gmt":"2016-01-12T23:42:18","guid":{"rendered":"https:\/\/espazo.coop\/es\/?page_id=13705"},"modified":"2016-01-13T17:35:25","modified_gmt":"2016-01-13T16:35:25","slug":"recursos-ugacota-2","status":"publish","type":"page","link":"https:\/\/espazo.coop\/es\/recursos-ugacota-2\/","title":{"rendered":"Recursos"},"content":{"rendered":"<p>La uni\u00f3n aglutina una amplia colecci\u00f3n de recursos. Aqu\u00ed pondremos\u00a0 a vuestra disposici\u00f3n diversos apoyos, tanto para cooperativas, para personas interesadas en emprender bajo este modelo, como tambi\u00e9n para personas que sean agentes econ\u00f3micos locales y profesionales, o el p\u00fablico en general.<\/p>\n<p>Pod\u00e9is acceder a una muestra de materiales, manuales y gu\u00edas, documentos multimedia, cursos, entre otros. Consulta nuestra base de recursos a trav\u00e9s de las secciones de la <a href=\"https:\/\/espazo.coop\/es\/categoria\/recursos-coop\/biblioteca-coop\/\">biblioteca<\/a>, la <a href=\"https:\/\/espazo.coop\/es\/categoria\/recursos-coop\/formacion-coop\/\">formaci\u00f3n<\/a> o la <a href=\"https:\/\/espazo.coop\/es\/categoria\/recursos-coop\/multimedia-recursos-coop\/\">videoteca<\/a>.<\/p>\n","protected":false},"excerpt":{"rendered":"<p>La uni\u00f3n aglutina una amplia colecci\u00f3n de recursos. Aqu\u00ed pondremos\u00a0 a vuestra disposici\u00f3n diversos apoyos, tanto para cooperativas, para personas interesadas en emprender bajo este modelo, como tambi\u00e9n para personas que sean agentes econ\u00f3micos locales y profesionales, o el p\u00fablico en general. Pod\u00e9is acceder a <a href=\"https:\/\/espazo.coop\/es\/recursos-ugacota-2\/\"> [&#8230;]<\/a><\/p>\n","protected":false},"author":16,"featured_media":0,"parent":0,"menu_order":0,"comment_status":"closed","ping_status":"closed","template":"side-navigation.php","meta":{"footnotes":""},"class_list":["post-13705","page","type-page","status-publish","hentry"],"jetpack_shortlink":"https:\/\/wp.me\/P8lGby-3z3","jetpack_sharing_enabled":true,"_links":{"self":[{"href":"https:\/\/espazo.coop\/es\/wp-json\/wp\/v2\/pages\/13705","targetHints":{"allow":["GET"]}}],"collection":[{"href":"https:\/\/espazo.coop\/es\/wp-json\/wp\/v2\/pages"}],"about":[{"href":"https:\/\/espazo.coop\/es\/wp-json\/wp\/v2\/types\/page"}],"author":[{"embeddable":true,"href":"https:\/\/espazo.coop\/es\/wp-json\/wp\/v2\/users\/16"}],"replies":[{"embeddable":true,"href":"https:\/\/espazo.coop\/es\/wp-json\/wp\/v2\/comments?post=13705"}],"version-history":[{"count":0,"href":"https:\/\/espazo.coop\/es\/wp-json\/wp\/v2\/pages\/13705\/revisions"}],"wp:attachment":[{"href":"https:\/\/espazo.coop\/es\/wp-json\/wp\/v2\/media?parent=13705"}],"curies":[{"name":"wp","href":"https:\/\/api.w.org\/{rel}","templated":true}]}}